{"id":109,"date":"2019-10-03T08:54:20","date_gmt":"2019-10-03T08:54:20","guid":{"rendered":"http:\/\/wpdemo.archiwp.com\/onum\/?page_id=109"},"modified":"2026-04-02T22:05:13","modified_gmt":"2026-04-02T20:05:13","slug":"contacts","status":"publish","type":"page","link":"https:\/\/resetdluhu.cz\/index.php\/contacts\/","title":{"rendered":"Kontakt"},"content":{"rendered":"\t\t<div data-elementor-type=\"wp-page\" data-elementor-id=\"109\" class=\"elementor elementor-109\">\n\t\t\t\t<div class=\"elementor-element elementor-element-a8f5a58 e-con-full e-flex e-con e-parent\" data-id=\"a8f5a58\" data-element_type=\"container\" data-e-type=\"container\">\n\t\t\t\t<div class=\"elementor-element elementor-element-1d30b4b elementor-widget__width-inherit elementor-widget-divider--view-line elementor-widget elementor-widget-divider\" data-id=\"1d30b4b\" data-element_type=\"widget\" data-e-type=\"widget\" data-widget_type=\"divider.default\">\n\t\t\t\t\t\t\t<div class=\"elementor-divider\">\n\t\t\t<span class=\"elementor-divider-separator\">\n\t\t\t\t\t\t<\/span>\n\t\t<\/div>\n\t\t\t\t\t\t<\/div>\n\t\t\t\t<\/div>\n\t\t\t\t<section class=\"elementor-section elementor-top-section elementor-element elementor-element-5816b60 elementor-section-content-middle elementor-section-boxed elementor-section-height-default elementor-section-height-default\" data-id=\"5816b60\" data-element_type=\"section\" data-e-type=\"section\">\n\t\t\t\t\t\t<div class=\"elementor-container elementor-column-gap-extended\">\n\t\t\t\t\t<div class=\"elementor-column elementor-col-50 elementor-top-column elementor-element elementor-element-322fec3 ot-flex-column-vertical\" data-id=\"322fec3\" data-element_type=\"column\" data-e-type=\"column\">\n\t\t\t<div class=\"elementor-widget-wrap elementor-element-populated\">\n\t\t\t\t\t\t<section class=\"elementor-section elementor-inner-section elementor-element elementor-element-1e9a80d elementor-section-full_width elementor-section-height-default elementor-section-height-default\" data-id=\"1e9a80d\" data-element_type=\"section\" data-e-type=\"section\" data-settings=\"{&quot;background_background&quot;:&quot;gradient&quot;}\">\n\t\t\t\t\t\t<div class=\"elementor-container elementor-column-gap-no\">\n\t\t\t\t\t<div class=\"elementor-column elementor-col-100 elementor-inner-column elementor-element elementor-element-c73e8ee ot-flex-column-vertical\" data-id=\"c73e8ee\" data-element_type=\"column\" data-e-type=\"column\">\n\t\t\t<div class=\"elementor-widget-wrap elementor-element-populated\">\n\t\t\t\t\t\t<div class=\"elementor-element elementor-element-658a175 elementor-widget elementor-widget-iheading\" data-id=\"658a175\" data-element_type=\"widget\" data-e-type=\"widget\" data-widget_type=\"iheading.default\">\n\t\t\t\t<div class=\"elementor-widget-container\">\n\t\t\t\t\t\t\t<div class=\"ot-heading left-align text-light\">\r\n\t\t\t\r\n\t\t\t\t\r\n\r\n\t        \t            <h6 class=\"sub-heading\"><span>Kontakt<\/span><\/h6>\r\n\t         \r\n\r\n\t        \t        \t<h2 class=\"main-heading\">Kontaktuj n\u00e1s<\/h2>\r\n\t        \t    <\/div>\r\n\t    \t\t\t\t<\/div>\n\t\t\t\t<\/div>\n\t\t\t\t<div class=\"elementor-element elementor-element-dba913e elementor-widget elementor-widget-text-editor\" data-id=\"dba913e\" data-element_type=\"widget\" data-e-type=\"widget\" data-widget_type=\"text-editor.default\">\n\t\t\t\t\t\t\t\t\t<p>Nev\u00edte si rady s dluhy? Kontaktujte n\u00e1s a spole\u010dn\u011b najdeme \u0159e\u0161en\u00ed.<br data-start=\"293\" data-end=\"296\" \/>Na\u0161i odborn\u00ed poradci v\u00e1m pomohou zorientovat se ve va\u0161\u00ed finan\u010dn\u00ed situaci a vysv\u011btl\u00ed mo\u017enosti oddlu\u017een\u00ed.<br data-start=\"399\" data-end=\"402\" \/>Prvn\u00ed konzultace je nez\u00e1vazn\u00e1 a zdarma.<\/p>\t\t\t\t\t\t\t\t<\/div>\n\t\t\t\t<div class=\"elementor-element elementor-element-4407c6c elementor-widget elementor-widget-icontact_info\" data-id=\"4407c6c\" data-element_type=\"widget\" data-e-type=\"widget\" data-widget_type=\"icontact_info.default\">\n\t\t\t\t<div class=\"elementor-widget-container\">\n\t\t\t\t\t\t\t\t\t\t    \t<div class=\"contact-info text-light\">\r\n\t\t    \t\t\r\n\t\t\t\t    \t\t\t        <i class=\"flaticon-world\"><\/i>\t\t\t        <div class=\"info-text\">\r\n\t\t\t        \t<h6>Adresa:<\/h6>\r\n\t\t\t        \t<p>Najdete n\u00e1s po cel\u00e9 \u010cR<\/p>\r\n\t\t\t        <\/div>\r\n\t\t\t    <\/div>\r\n\t\t    \t    \t\t\t\t<\/div>\n\t\t\t\t<\/div>\n\t\t\t\t<div class=\"elementor-element elementor-element-05f299e elementor-widget elementor-widget-icontact_info\" data-id=\"05f299e\" data-element_type=\"widget\" data-e-type=\"widget\" data-widget_type=\"icontact_info.default\">\n\t\t\t\t<div class=\"elementor-widget-container\">\n\t\t\t\t\t\t\t\t\t\t    \t<div class=\"contact-info text-light\">\r\n\t\t    \t\t\r\n\t\t\t\t    \t\t\t        <i class=\"flaticon-note\"><\/i>\t\t\t        <div class=\"info-text\">\r\n\t\t\t        \t<h6>E-mail<\/h6>\r\n\t\t\t        \t<p><a href=\"mailto:info@resetdluhu.cz\">info@krotiteledluhu.cz<\/a><\/p>\r\n\t\t\t        <\/div>\r\n\t\t\t    <\/div>\r\n\t\t    \t    \t\t\t\t<\/div>\n\t\t\t\t<\/div>\n\t\t\t\t<div class=\"elementor-element elementor-element-22856f4 elementor-widget elementor-widget-icontact_info\" data-id=\"22856f4\" data-element_type=\"widget\" data-e-type=\"widget\" data-widget_type=\"icontact_info.default\">\n\t\t\t\t<div class=\"elementor-widget-container\">\n\t\t\t\t\t\t\t\t\t\t    \t<div class=\"contact-info text-light\">\r\n\t\t    \t\t\r\n\t\t\t\t    \t\t\t        <i class=\"flaticon-viber\"><\/i>\t\t\t        <div class=\"info-text\">\r\n\t\t\t        \t<h6>Telefon:<\/h6>\r\n\t\t\t        \t<p><a href=\"tel:+420 725 964 449\">+420 725 964 449<\/a><\/p>\r\n\t\t\t        <\/div>\r\n\t\t\t    <\/div>\r\n\t\t    \t    \t\t\t\t<\/div>\n\t\t\t\t<\/div>\n\t\t\t\t\t<\/div>\n\t\t<\/div>\n\t\t\t\t\t<\/div>\n\t\t<\/section>\n\t\t\t\t\t<\/div>\n\t\t<\/div>\n\t\t\t\t<div class=\"elementor-column elementor-col-50 elementor-top-column elementor-element elementor-element-2a7f668 ot-flex-column-vertical\" data-id=\"2a7f668\" data-element_type=\"column\" data-e-type=\"column\">\n\t\t\t<div class=\"elementor-widget-wrap elementor-element-populated\">\n\t\t\t\t\t\t<div class=\"elementor-element elementor-element-a558ced elementor-widget elementor-widget-iheading\" data-id=\"a558ced\" data-element_type=\"widget\" data-e-type=\"widget\" data-widget_type=\"iheading.default\">\n\t\t\t\t<div class=\"elementor-widget-container\">\n\t\t\t\t\t\t\t<div class=\"ot-heading left-align\">\r\n\t\t\t\r\n\t\t\t\t\r\n\r\n\t        \t            <h6 class=\"sub-heading\"><span>Ozv\u011bte se<\/span><\/h6>\r\n\t         \r\n\r\n\t        \t        \t<h2 class=\"main-heading\">Vypl\u0148te formul\u00e1\u0159, a my se V\u00e1m ozveme<\/h2>\r\n\t        \t    <\/div>\r\n\t    \t\t\t\t<\/div>\n\t\t\t\t<\/div>\n\t\t\t\t<div class=\"elementor-element elementor-element-ce8ae36 elementor-widget elementor-widget-onum-contact-form-7\" data-id=\"ce8ae36\" data-element_type=\"widget\" data-e-type=\"widget\" data-widget_type=\"onum-contact-form-7.default\">\n\t\t\t\t<div class=\"elementor-widget-container\">\n\t\t\t\t\t<div class=\"elementor-shortcode onum-cf7-0\">\n<div class=\"wpcf7 no-js\" id=\"wpcf7-f111-o1\" lang=\"en-US\" dir=\"ltr\" data-wpcf7-id=\"111\">\n<div class=\"screen-reader-response\"><p role=\"status\" aria-live=\"polite\" aria-atomic=\"true\"><\/p> <ul><\/ul><\/div>\n<form action=\"\/index.php\/wp-json\/wp\/v2\/pages\/109#wpcf7-f111-o1\" method=\"post\" class=\"wpcf7-form init\" aria-label=\"Contact form\" novalidate=\"novalidate\" data-status=\"init\">\n<fieldset class=\"hidden-fields-container\"><input type=\"hidden\" name=\"_wpcf7\" value=\"111\" \/><input type=\"hidden\" name=\"_wpcf7_version\" value=\"6.1.5\" \/><input type=\"hidden\" name=\"_wpcf7_locale\" value=\"en_US\" \/><input type=\"hidden\" name=\"_wpcf7_unit_tag\" value=\"wpcf7-f111-o1\" \/><input type=\"hidden\" name=\"_wpcf7_container_post\" value=\"0\" \/><input type=\"hidden\" name=\"_wpcf7_posted_data_hash\" value=\"\" \/>\n<\/fieldset>\n<p><label> Va\u0161e jm\u00e9no<br \/>\n<span class=\"wpcf7-form-control-wrap\" data-name=\"your-name\"><input size=\"40\" maxlength=\"400\" class=\"wpcf7-form-control wpcf7-text wpcf7-validates-as-required\" autocomplete=\"name\" aria-required=\"true\" aria-invalid=\"false\" value=\"\" type=\"text\" name=\"your-name\" \/><\/span> <\/label>\n<\/p>\n<p><label> V\u00e1\u0161 telefon<br \/>\n<span class=\"wpcf7-form-control-wrap\" data-name=\"your-phone\"><input size=\"40\" maxlength=\"400\" class=\"wpcf7-form-control wpcf7-email wpcf7-validates-as-required wpcf7-text wpcf7-validates-as-email\" autocomplete=\"phone\" aria-required=\"true\" aria-invalid=\"false\" value=\"\" type=\"email\" name=\"your-phone\" \/><\/span> <\/label>\n<\/p>\n<p><label> V\u00e1\u0161 e-mail<br \/>\n<span class=\"wpcf7-form-control-wrap\" data-name=\"your-email\"><input size=\"40\" maxlength=\"400\" class=\"wpcf7-form-control wpcf7-email wpcf7-validates-as-required wpcf7-text wpcf7-validates-as-email\" autocomplete=\"email\" aria-required=\"true\" aria-invalid=\"false\" value=\"\" type=\"email\" name=\"your-email\" \/><\/span> <\/label>\n<\/p>\n<p><label> M\u011bs\u00ed\u010dn\u00ed p\u0159\u00edjem<br \/>\n<span class=\"wpcf7-form-control-wrap\" data-name=\"prijem\"><input class=\"wpcf7-form-control wpcf7-number wpcf7-validates-as-required wpcf7-validates-as-number\" min=\"0\" max=\"150000\" aria-required=\"true\" aria-invalid=\"false\" value=\"0\" type=\"number\" name=\"prijem\" \/><\/span> <\/label><br \/>\n<label> V\u00fd\u0161e v\u0161ech dluh\u016f<br \/>\n<span class=\"wpcf7-form-control-wrap\" data-name=\"dluhy\"><input class=\"wpcf7-form-control wpcf7-number wpcf7-validates-as-required wpcf7-validates-as-number\" min=\"0\" max=\"10000000\" aria-required=\"true\" aria-invalid=\"false\" value=\"0\" type=\"number\" name=\"dluhy\" \/><\/span> <\/label>\n<\/p>\n<p><span class=\"wpcf7-form-control-wrap\" data-name=\"acceptance-218\"><span class=\"wpcf7-form-control wpcf7-acceptance optional\"><span class=\"wpcf7-list-item\"><label><input type=\"checkbox\" name=\"acceptance-218\" value=\"1\" aria-invalid=\"false\" \/><span class=\"wpcf7-list-item-label\"><span>Souhlas\u00edm se zpracov\u00e1n\u00edm osobn\u00edch \u00fadaj\u016f dle <a href=\"\/ochrana-osobnich-udaju\" target=\"_blank\">z\u00e1sad ochrany osobn\u00edch \u00fadaj\u016f<\/a>.<\/span><\/span><\/label><\/span><\/span><\/span>\n<\/p>\n<p><button type=\"submit\" class=\"wpcf7-submit octf-btn octf-btn-primary octf-btn-icon\">Odeslat zpr\u00e1vu <i class=\"flaticon-right-arrow-1\"><\/i><\/button>\n<\/p><div class=\"wpcf7-response-output\" aria-hidden=\"true\"><\/div>\n<\/form>\n<\/div>\n<\/div>\t\t\t\t<\/div>\n\t\t\t\t<\/div>\n\t\t\t\t\t<\/div>\n\t\t<\/div>\n\t\t\t\t\t<\/div>\n\t\t<\/section>\n\t\t<div class=\"elementor-element elementor-element-4e3222a e-flex e-con-boxed e-con e-parent\" data-id=\"4e3222a\" data-element_type=\"container\" data-e-type=\"container\">\n\t\t\t\t\t<div class=\"e-con-inner\">\n\t\t\t\t<div class=\"elementor-element elementor-element-3113636 elementor-widget-divider--view-line elementor-widget elementor-widget-divider\" data-id=\"3113636\" data-element_type=\"widget\" data-e-type=\"widget\" data-widget_type=\"divider.default\">\n\t\t\t\t\t\t\t<div class=\"elementor-divider\">\n\t\t\t<span class=\"elementor-divider-separator\">\n\t\t\t\t\t\t<\/span>\n\t\t<\/div>\n\t\t\t\t\t\t<\/div>\n\t\t\t\t\t<\/div>\n\t\t\t\t<\/div>\n\t\t<div class=\"elementor-element elementor-element-dd4dae2 e-flex e-con-boxed e-con e-parent\" data-id=\"dd4dae2\" data-element_type=\"container\" data-e-type=\"container\">\n\t\t\t\t\t<div class=\"e-con-inner\">\n\t\t\t\t<div class=\"elementor-element elementor-element-119460f elementor-widget elementor-widget-shortcode\" data-id=\"119460f\" data-element_type=\"widget\" data-e-type=\"widget\" data-widget_type=\"shortcode.default\">\n\t\t\t\t\t\t\t<div class=\"elementor-shortcode\">    \n    <style>\n        .cz-map-wrapper {\n            position: relative;\n            max-width: 900px;\n            margin: auto;\n        }\n\n        .cz-map-image {\n            width: 100%;\n            display: block;\n        }\n\n        .map-point {\n            position: absolute;\n            width: 14px;\n            height: 14px;\n            background: #e63946;\n            border-radius: 50%;\n            transform: translate(-50%, -50%);\n            cursor: pointer;\n            transition: transform 0.2s ease-in-out;\n            z-index: 1;\n        }\n\n        .map-point-link {\n            display: block;\n            width: 100%;\n            height: 100%;\n            text-decoration: none;\n        }\n\n        .map-point:hover {\n            transform: translate(-50%, -50%) scale(1.2);\n        }\n\n        .map-point::after {\n            content: \"\";\n            position: absolute;\n            width: 100%;\n            height: 100%;\n            border-radius: 50%;\n            background: rgba(230,57,70,0.4);\n            animation: pulse 2s infinite;\n            top: 0;\n            left: 0;\n            z-index: -1;\n        }\n\n        @keyframes pulse {\n            0% { transform: scale(1); opacity: 1; }\n            100% { transform: scale(2.5); opacity: 0; }\n        }\n\n        \/* TOOLTIP (default hidden) *\/\n        .map-tooltip {\n            position: absolute;\n            background: #111;\n            color: #fff;\n            padding: 6px 10px;\n            font-size: 12px;\n            border-radius: 6px;\n            white-space: nowrap;\n            transform: translate(-50%, -140%);\n            pointer-events: none;\n\n            opacity: 0;\n            visibility: hidden;\n            transition: opacity 0.2s ease, transform 0.2s ease;\n        }\n\n        \/* show on hover *\/\n        .map-point:hover .map-tooltip {\n            opacity: 1;\n            visibility: visible;\n            transform: translate(-50%, -160%);\n        }\n\n        .tooltip-bottom .map-tooltip {\n            transform: translate(-50%, 70%);\n        }\n\n        .tooltip-bottom:hover .map-tooltip {\n            transform: translate(-50%, 90%);\n        }\n    <\/style>\n\n    <div class=\"cz-map-wrapper\">\n        \n        <img decoding=\"async\" class=\"cz-map-image\" src=\"https:\/\/resetdluhu.cz\/wp-content\/uploads\/2026\/03\/Czechia_-_outline_map-1.svg\" alt=\"Mapa \u010cR\">\n\n        <!-- Praha -->\n        <div class=\"map-point\" style=\"top: 40%; left: 35.5%;\">\n            <a href=\"\/pobocka-praha\/\" class=\"map-point-link\">\n                <div class=\"map-tooltip\">Praha<\/div>\n            <\/a>\n        <\/div>\n\n        <!-- Plze\u0148 -->\n        <div class=\"map-point\" style=\"top: 55%; left: 18%;\">\n            <a href=\"\/pobocka-plzen\/\" class=\"map-point-link\">\n                <div class=\"map-tooltip\">Plze\u0148<\/div>\n            <\/a>\n        <\/div>\n\n        <!-- \u010cesk\u00e9 Bud\u011bjovice -->\n        <div class=\"map-point\" style=\"top: 80%; left: 35%;\">\n            <a href=\"\/pobocka-ceske-budejovice\/\" class=\"map-point-link\">\n                <div class=\"map-tooltip\">\u010cesk\u00e9 Bud\u011bjovice<\/div>\n            <\/a>\n        <\/div>\n\n        <!-- Karlovy Vary -->\n        <div class=\"map-point\" style=\"top: 35%; left: 13%;\">\n            <a href=\"\/pobocka-karlovy-vary\/\" class=\"map-point-link\">\n                <div class=\"map-tooltip\">Karlovy Vary<\/div>\n            <\/a>\n        <\/div>\n\n        <!-- \u00dast\u00ed nad Labem -->\n        <div class=\"map-point\" style=\"top: 19%; left: 29%;\">\n            <a href=\"\/pobocka-usti-nad-labem\/\" class=\"map-point-link\">\n                <div class=\"map-tooltip\">\u00dast\u00ed nad Labem<\/div>\n            <\/a>\n        <\/div>\n\n        <!-- Liberec -->\n        <div class=\"map-point\" style=\"top: 14%; left: 44%;\">\n            <a href=\"\/pobocka-liberec\/\" class=\"map-point-link\">\n                <div class=\"map-tooltip\">Liberec<\/div>\n            <\/a>\n        <\/div>\n\n        <!-- Hradec Kr\u00e1lov\u00e9 -->\n        <div class=\"map-point\" style=\"top: 34%; left: 55%;\">\n            <a href=\"\/pobocka-hradec-kralove\/\" class=\"map-point-link\">\n                <div class=\"map-tooltip\">Hradec Kr\u00e1lov\u00e9<\/div>\n            <\/a>\n        <\/div>\n\n        <!-- Pardubice -->\n        <div class=\"map-point tooltip-bottom\" style=\"top: 43%; left: 55%;\">\n            <a href=\"\/pobocka-pardubice\/\" class=\"map-point-link\">\n                <div class=\"map-tooltip\">Pardubice<\/div>\n            <\/a>\n        <\/div>\n\n        <!-- Jihlava -->\n        <div class=\"map-point\" style=\"top: 65%; left: 53%;\">\n            <a href=\"\/pobocka-jihlava\/\" class=\"map-point-link\">\n                <div class=\"map-tooltip\">Jihlava<\/div>\n            <\/a>\n        <\/div>\n\n        <!-- Brno -->\n        <div class=\"map-point\" style=\"top: 75%; left: 67%;\">\n            <a href=\"\/pobocka-brno\/\" class=\"map-point-link\">\n                <div class=\"map-tooltip\">Brno<\/div>\n            <\/a>\n        <\/div>\n\n        <!-- Zl\u00edn -->\n        <div class=\"map-point\" style=\"top: 72%; left: 82%;\">\n            <a href=\"\/pobocka-zlin\/\" class=\"map-point-link\">\n                <div class=\"map-tooltip\">Zl\u00edn<\/div>\n            <\/a>\n        <\/div>\n\n        <!-- Olomouc -->\n        <div class=\"map-point\" style=\"top: 58%; left: 75%;\">\n            <a href=\"\/pobocka-olomouc\/\" class=\"map-point-link\">\n                <div class=\"map-tooltip\">Olomouc<\/div>\n            <\/a>\n        <\/div>\n\n        <!-- Ostrava -->\n        <div class=\"map-point\" style=\"top: 48%; left: 88%;\">\n            <a href=\"\/pobocka-ostrava\/\" class=\"map-point-link\">\n                <div class=\"map-tooltip\">Ostrava<\/div>\n            <\/a>\n        <\/div>\n\n        <!-- Teplice -->\n        <div class=\"map-point tooltip-bottom\" style=\"top: 20%; left: 26%;\">\n            <a href=\"\/pobocka-teplice\/\" class=\"map-point-link\">\n                <div class=\"map-tooltip\">Teplice<\/div>\n            <\/a>\n        <\/div>\n\n    <\/div>\n\n    <\/div>\n\t\t\t\t\t\t<\/div>\n\t\t\t\t\t<\/div>\n\t\t\t\t<\/div>\n\t\t\t\t<\/div>\n\t\t","protected":false},"excerpt":{"rendered":"<p>Kontakt Kontaktuj n\u00e1s Nev\u00edte si rady s dluhy? Kontaktujte n\u00e1s a spole\u010dn\u011b najdeme \u0159e\u0161en\u00ed.Na\u0161i odborn\u00ed poradci v\u00e1m pomohou zorientovat se ve va\u0161\u00ed finan\u010dn\u00ed situaci a vysv\u011btl\u00ed mo\u017enosti oddlu\u017een\u00ed.Prvn\u00ed konzultace je nez\u00e1vazn\u00e1 a zdarma. Adresa: Najdete n\u00e1s po cel\u00e9 \u010cR E-mail info@krotiteledluhu.cz Telefon: +420 725 964 449 Ozv\u011bte se Vypl\u0148te formul\u00e1\u0159, a my se V\u00e1m ozveme [&hellip;]<\/p>\n","protected":false},"author":1,"featured_media":0,"parent":0,"menu_order":0,"comment_status":"closed","ping_status":"closed","template":"","meta":{"footnotes":""},"class_list":["post-109","page","type-page","status-publish","hentry"],"_links":{"self":[{"href":"https:\/\/resetdluhu.cz\/index.php\/wp-json\/wp\/v2\/pages\/109","targetHints":{"allow":["GET"]}}],"collection":[{"href":"https:\/\/resetdluhu.cz\/index.php\/wp-json\/wp\/v2\/pages"}],"about":[{"href":"https:\/\/resetdluhu.cz\/index.php\/wp-json\/wp\/v2\/types\/page"}],"author":[{"embeddable":true,"href":"https:\/\/resetdluhu.cz\/index.php\/wp-json\/wp\/v2\/users\/1"}],"replies":[{"embeddable":true,"href":"https:\/\/resetdluhu.cz\/index.php\/wp-json\/wp\/v2\/comments?post=109"}],"version-history":[{"count":49,"href":"https:\/\/resetdluhu.cz\/index.php\/wp-json\/wp\/v2\/pages\/109\/revisions"}],"predecessor-version":[{"id":5211,"href":"https:\/\/resetdluhu.cz\/index.php\/wp-json\/wp\/v2\/pages\/109\/revisions\/5211"}],"wp:attachment":[{"href":"https:\/\/resetdluhu.cz\/index.php\/wp-json\/wp\/v2\/media?parent=109"}],"curies":[{"name":"wp","href":"https:\/\/api.w.org\/{rel}","templated":true}]}}