{"id":1430,"date":"2019-11-25T09:43:28","date_gmt":"2019-11-25T09:43:28","guid":{"rendered":"http:\/\/wpdemo.archiwp.com\/onum\/?page_id=1430"},"modified":"2026-03-10T12:27:12","modified_gmt":"2026-03-10T11:27:12","slug":"portfolio-grid","status":"publish","type":"page","link":"https:\/\/resetdluhu.cz\/index.php\/portfolio-grid\/","title":{"rendered":"Portfolio Grid"},"content":{"rendered":"\t\t<div data-elementor-type=\"wp-page\" data-elementor-id=\"1430\" class=\"elementor elementor-1430\">\n\t\t\t\t<div class=\"elementor-element elementor-element-b4a8518 e-con-full e-flex e-con e-parent\" data-id=\"b4a8518\" data-element_type=\"container\" data-e-type=\"container\">\n\t\t\t\t<div class=\"elementor-element elementor-element-1e5f955 elementor-widget__width-inherit elementor-widget-divider--view-line elementor-widget elementor-widget-divider\" data-id=\"1e5f955\" data-element_type=\"widget\" data-e-type=\"widget\" data-widget_type=\"divider.default\">\n\t\t\t\t\t\t\t<div class=\"elementor-divider\">\n\t\t\t<span class=\"elementor-divider-separator\">\n\t\t\t\t\t\t<\/span>\n\t\t<\/div>\n\t\t\t\t\t\t<\/div>\n\t\t\t\t<\/div>\n\t\t\t\t<section class=\"elementor-section elementor-top-section elementor-element elementor-element-520365a4 elementor-section-boxed elementor-section-height-default elementor-section-height-default\" data-id=\"520365a4\" data-element_type=\"section\" data-e-type=\"section\">\n\t\t\t\t\t\t<div class=\"elementor-container elementor-column-gap-default\">\n\t\t\t\t\t<div class=\"elementor-column elementor-col-100 elementor-top-column elementor-element elementor-element-5de3624e ot-flex-column-vertical\" data-id=\"5de3624e\" data-element_type=\"column\" data-e-type=\"column\">\n\t\t\t<div class=\"elementor-widget-wrap elementor-element-populated\">\n\t\t\t\t\t\t<div class=\"elementor-element elementor-element-5e310185 elementor-widget elementor-widget-iheading\" data-id=\"5e310185\" data-element_type=\"widget\" data-e-type=\"widget\" data-widget_type=\"iheading.default\">\n\t\t\t\t<div class=\"elementor-widget-container\">\n\t\t\t\t\t\t\t<div class=\"ot-heading center-align\">\r\n\t\t\t\r\n\t\t\t\t\r\n\r\n\t        \t            <h6 class=\"sub-heading\"><span>P\u0158\u00cdB\u011aHY KLIENT\u016e<\/span><\/h6>\r\n\t         \r\n\r\n\t        \t        \t<h2 class=\"main-heading\">Pod\u00edvejte se, kolika lidem jsme <br>\npomohli ven z dluhov\u00e9 pasti<\/h2>\r\n\t        \t    <\/div>\r\n\t    \t\t\t\t<\/div>\n\t\t\t\t<\/div>\n\t\t\t\t\t<\/div>\n\t\t<\/div>\n\t\t\t\t\t<\/div>\n\t\t<\/section>\n\t\t\t\t<section class=\"elementor-section elementor-top-section elementor-element elementor-element-753a1b7 elementor-section-boxed elementor-section-height-default elementor-section-height-default\" data-id=\"753a1b7\" data-element_type=\"section\" data-e-type=\"section\">\n\t\t\t\t\t\t<div class=\"elementor-container elementor-column-gap-default\">\n\t\t\t\t\t<div class=\"elementor-column elementor-col-100 elementor-top-column elementor-element elementor-element-24510132 ot-flex-column-vertical\" data-id=\"24510132\" data-element_type=\"column\" data-e-type=\"column\">\n\t\t\t<div class=\"elementor-widget-wrap elementor-element-populated\">\n\t\t\t\t\t\t<div class=\"elementor-element elementor-element-1abe061b elementor-widget elementor-widget-ipfilter\" data-id=\"1abe061b\" data-element_type=\"widget\" data-e-type=\"widget\" data-widget_type=\"ipfilter.default\">\n\t\t\t\t<div class=\"elementor-widget-container\">\n\t\t\t\t\t\r\n\t\t<div class=\"project-filter-wrapper\">\r\n\t        \t        \t<div class=\"container\">\r\n\t        \t\t<ul class=\"project_filters\">\r\n\t        \t\t\t\t\t                \t\t                    <li><a href='#' data-filter='.category-42'>P\u0159\u00edb\u011bhy klient\u016f<\/a><\/li>\t                    \r\n\t\t                \t\t\t\t\t<\/ul>\r\n\t\t\t\t<\/div>\r\n\t        \r\n\t        <div class=\"projects-grid projects-style-1 \">\r\n\t        \t<div class=\"project-grid-sizer\"><\/div>\r\n\t            \r\n\t            \t<div class=\"project-item category-42 \">\r\n\t\t\t\t\t\t<div class=\"projects-box\">\r\n\t\t\t\t\t\t\t<div class=\"projects-thumbnail\">\r\n\t\t\t\t\t\t\t\t<a href=\"https:\/\/resetdluhu.cz\/index.php\/portfolio\/roman-welzel\/\">\r\n\t\t\t\t\t\t\t\t\t<img fetchpriority=\"high\" decoding=\"async\" width=\"512\" height=\"512\" src=\"https:\/\/resetdluhu.cz\/wp-content\/uploads\/2019\/11\/b168b8083ddb6b6572e98aa373fe62e1.webp\" class=\"attachment-onum-portfolio-thumbnail-left-top size-onum-portfolio-thumbnail-left-top wp-post-image\" alt=\"\" srcset=\"https:\/\/resetdluhu.cz\/wp-content\/uploads\/2019\/11\/b168b8083ddb6b6572e98aa373fe62e1.webp 512w, https:\/\/resetdluhu.cz\/wp-content\/uploads\/2019\/11\/b168b8083ddb6b6572e98aa373fe62e1-300x300.webp 300w, https:\/\/resetdluhu.cz\/wp-content\/uploads\/2019\/11\/b168b8083ddb6b6572e98aa373fe62e1-150x150.webp 150w\" sizes=\"(max-width: 512px) 100vw, 512px\" \/>\t\t\t\t\t\t\t\t<\/a>\r\n\t\t\t\t\t\t\t<\/div>\r\n\t\t\t\t\t\t\t<div class=\"portfolio-info s1\">\r\n\t\t\t\t\t\t\t\t<div class=\"portfolio-info-inner\">\r\n\t\t\t\t\t\t\t\t\t<h5 class=\"portfolio-info-title\"><a href=\"https:\/\/resetdluhu.cz\/index.php\/portfolio\/roman-welzel\/\">Roman Welzel<\/a><\/h5>\r\n\t\t\t\t\t\t\t\t\t<p class=\"portfolio-cates\"><a href=\"https:\/\/resetdluhu.cz\/index.php\/portfolio-category\/pribehy-klientu\/\">P\u0159\u00edb\u011bhy klient\u016f<\/a><span>\/<\/span><\/p> \r\n\t\t\t\t\t\t\t\t<\/div>\r\n\t\t\t\t\t\t\t<\/div>\r\n\t\t\t\t\t\t<\/div>\r\n\t\t\t\t\t<\/div>\r\n\r\n\t            \r\n\t            \t<div class=\"project-item category-42 \">\r\n\t\t\t\t\t\t<div class=\"projects-box\">\r\n\t\t\t\t\t\t\t<div class=\"projects-thumbnail\">\r\n\t\t\t\t\t\t\t\t<a href=\"https:\/\/resetdluhu.cz\/index.php\/portfolio\/denisa-pezzella\/\">\r\n\t\t\t\t\t\t\t\t\t<img decoding=\"async\" width=\"426\" height=\"426\" src=\"https:\/\/resetdluhu.cz\/wp-content\/uploads\/2019\/11\/f082c89fd58c276947818df37507dc0d.webp\" class=\"attachment-onum-portfolio-thumbnail-left-top size-onum-portfolio-thumbnail-left-top wp-post-image\" alt=\"\" srcset=\"https:\/\/resetdluhu.cz\/wp-content\/uploads\/2019\/11\/f082c89fd58c276947818df37507dc0d.webp 426w, https:\/\/resetdluhu.cz\/wp-content\/uploads\/2019\/11\/f082c89fd58c276947818df37507dc0d-300x300.webp 300w, https:\/\/resetdluhu.cz\/wp-content\/uploads\/2019\/11\/f082c89fd58c276947818df37507dc0d-150x150.webp 150w\" sizes=\"(max-width: 426px) 100vw, 426px\" \/>\t\t\t\t\t\t\t\t<\/a>\r\n\t\t\t\t\t\t\t<\/div>\r\n\t\t\t\t\t\t\t<div class=\"portfolio-info s1\">\r\n\t\t\t\t\t\t\t\t<div class=\"portfolio-info-inner\">\r\n\t\t\t\t\t\t\t\t\t<h5 class=\"portfolio-info-title\"><a href=\"https:\/\/resetdluhu.cz\/index.php\/portfolio\/denisa-pezzella\/\">Denisa Pezzella<\/a><\/h5>\r\n\t\t\t\t\t\t\t\t\t<p class=\"portfolio-cates\"><a href=\"https:\/\/resetdluhu.cz\/index.php\/portfolio-category\/pribehy-klientu\/\">P\u0159\u00edb\u011bhy klient\u016f<\/a><span>\/<\/span><\/p> \r\n\t\t\t\t\t\t\t\t<\/div>\r\n\t\t\t\t\t\t\t<\/div>\r\n\t\t\t\t\t\t<\/div>\r\n\t\t\t\t\t<\/div>\r\n\r\n\t            \r\n\t            \t<div class=\"project-item category-42 \">\r\n\t\t\t\t\t\t<div class=\"projects-box\">\r\n\t\t\t\t\t\t\t<div class=\"projects-thumbnail\">\r\n\t\t\t\t\t\t\t\t<a href=\"https:\/\/resetdluhu.cz\/index.php\/portfolio\/analysis-of-security\/\">\r\n\t\t\t\t\t\t\t\t\t<img decoding=\"async\" width=\"512\" height=\"512\" src=\"https:\/\/resetdluhu.cz\/wp-content\/uploads\/2019\/11\/f7530cd9b0fceceff5e8c886694b7476.webp\" class=\"attachment-onum-portfolio-thumbnail-left-top size-onum-portfolio-thumbnail-left-top wp-post-image\" alt=\"\" srcset=\"https:\/\/resetdluhu.cz\/wp-content\/uploads\/2019\/11\/f7530cd9b0fceceff5e8c886694b7476.webp 512w, https:\/\/resetdluhu.cz\/wp-content\/uploads\/2019\/11\/f7530cd9b0fceceff5e8c886694b7476-300x300.webp 300w, https:\/\/resetdluhu.cz\/wp-content\/uploads\/2019\/11\/f7530cd9b0fceceff5e8c886694b7476-150x150.webp 150w\" sizes=\"(max-width: 512px) 100vw, 512px\" \/>\t\t\t\t\t\t\t\t<\/a>\r\n\t\t\t\t\t\t\t<\/div>\r\n\t\t\t\t\t\t\t<div class=\"portfolio-info s1\">\r\n\t\t\t\t\t\t\t\t<div class=\"portfolio-info-inner\">\r\n\t\t\t\t\t\t\t\t\t<h5 class=\"portfolio-info-title\"><a href=\"https:\/\/resetdluhu.cz\/index.php\/portfolio\/analysis-of-security\/\">Andrea Suchop\u00e1rov\u00e1<\/a><\/h5>\r\n\t\t\t\t\t\t\t\t\t<p class=\"portfolio-cates\"><a href=\"https:\/\/resetdluhu.cz\/index.php\/portfolio-category\/pribehy-klientu\/\">P\u0159\u00edb\u011bhy klient\u016f<\/a><span>\/<\/span><\/p> \r\n\t\t\t\t\t\t\t\t<\/div>\r\n\t\t\t\t\t\t\t<\/div>\r\n\t\t\t\t\t\t<\/div>\r\n\t\t\t\t\t<\/div>\r\n\r\n\t            \r\n\t            \t<div class=\"project-item \">\r\n\t\t\t\t\t\t<div class=\"projects-box\">\r\n\t\t\t\t\t\t\t<div class=\"projects-thumbnail\">\r\n\t\t\t\t\t\t\t\t<a href=\"https:\/\/resetdluhu.cz\/index.php\/portfolio\/smm-project\/\">\r\n\t\t\t\t\t\t\t\t\t<img loading=\"lazy\" decoding=\"async\" width=\"512\" height=\"512\" src=\"https:\/\/resetdluhu.cz\/wp-content\/uploads\/2019\/11\/813a39b63f5b3e7c939029aefdabf65e.webp\" class=\"attachment-onum-portfolio-thumbnail-left-top size-onum-portfolio-thumbnail-left-top wp-post-image\" alt=\"\" srcset=\"https:\/\/resetdluhu.cz\/wp-content\/uploads\/2019\/11\/813a39b63f5b3e7c939029aefdabf65e.webp 512w, https:\/\/resetdluhu.cz\/wp-content\/uploads\/2019\/11\/813a39b63f5b3e7c939029aefdabf65e-300x300.webp 300w, https:\/\/resetdluhu.cz\/wp-content\/uploads\/2019\/11\/813a39b63f5b3e7c939029aefdabf65e-150x150.webp 150w\" sizes=\"(max-width: 512px) 100vw, 512px\" \/>\t\t\t\t\t\t\t\t<\/a>\r\n\t\t\t\t\t\t\t<\/div>\r\n\t\t\t\t\t\t\t<div class=\"portfolio-info s1\">\r\n\t\t\t\t\t\t\t\t<div class=\"portfolio-info-inner\">\r\n\t\t\t\t\t\t\t\t\t<h5 class=\"portfolio-info-title\"><a href=\"https:\/\/resetdluhu.cz\/index.php\/portfolio\/smm-project\/\">Josef V\u00e1vra<\/a><\/h5>\r\n\t\t\t\t\t\t\t\t\t \r\n\t\t\t\t\t\t\t\t<\/div>\r\n\t\t\t\t\t\t\t<\/div>\r\n\t\t\t\t\t\t<\/div>\r\n\t\t\t\t\t<\/div>\r\n\r\n\t            \r\n\t            \t<div class=\"project-item \">\r\n\t\t\t\t\t\t<div class=\"projects-box\">\r\n\t\t\t\t\t\t\t<div class=\"projects-thumbnail\">\r\n\t\t\t\t\t\t\t\t<a href=\"https:\/\/resetdluhu.cz\/index.php\/portfolio\/responsive-design\/\">\r\n\t\t\t\t\t\t\t\t\t<img loading=\"lazy\" decoding=\"async\" width=\"512\" height=\"512\" src=\"https:\/\/resetdluhu.cz\/wp-content\/uploads\/2019\/11\/Untitled-3.png\" class=\"attachment-onum-portfolio-thumbnail-left-top size-onum-portfolio-thumbnail-left-top wp-post-image\" alt=\"\" srcset=\"https:\/\/resetdluhu.cz\/wp-content\/uploads\/2019\/11\/Untitled-3.png 512w, https:\/\/resetdluhu.cz\/wp-content\/uploads\/2019\/11\/Untitled-3-300x300.png 300w, https:\/\/resetdluhu.cz\/wp-content\/uploads\/2019\/11\/Untitled-3-150x150.png 150w\" sizes=\"(max-width: 512px) 100vw, 512px\" \/>\t\t\t\t\t\t\t\t<\/a>\r\n\t\t\t\t\t\t\t<\/div>\r\n\t\t\t\t\t\t\t<div class=\"portfolio-info s1\">\r\n\t\t\t\t\t\t\t\t<div class=\"portfolio-info-inner\">\r\n\t\t\t\t\t\t\t\t\t<h5 class=\"portfolio-info-title\"><a href=\"https:\/\/resetdluhu.cz\/index.php\/portfolio\/responsive-design\/\">\u0160tefan Pataki<\/a><\/h5>\r\n\t\t\t\t\t\t\t\t\t \r\n\t\t\t\t\t\t\t\t<\/div>\r\n\t\t\t\t\t\t\t<\/div>\r\n\t\t\t\t\t\t<\/div>\r\n\t\t\t\t\t<\/div>\r\n\r\n\t            \r\n\t            \t<div class=\"project-item \">\r\n\t\t\t\t\t\t<div class=\"projects-box\">\r\n\t\t\t\t\t\t\t<div class=\"projects-thumbnail\">\r\n\t\t\t\t\t\t\t\t<a href=\"https:\/\/resetdluhu.cz\/index.php\/portfolio\/app-for-health\/\">\r\n\t\t\t\t\t\t\t\t\t<img loading=\"lazy\" decoding=\"async\" width=\"512\" height=\"512\" src=\"https:\/\/resetdluhu.cz\/wp-content\/uploads\/2019\/11\/Untitled-4.png\" class=\"attachment-onum-portfolio-thumbnail-left-top size-onum-portfolio-thumbnail-left-top wp-post-image\" alt=\"\" srcset=\"https:\/\/resetdluhu.cz\/wp-content\/uploads\/2019\/11\/Untitled-4.png 512w, https:\/\/resetdluhu.cz\/wp-content\/uploads\/2019\/11\/Untitled-4-300x300.png 300w, https:\/\/resetdluhu.cz\/wp-content\/uploads\/2019\/11\/Untitled-4-150x150.png 150w\" sizes=\"(max-width: 512px) 100vw, 512px\" \/>\t\t\t\t\t\t\t\t<\/a>\r\n\t\t\t\t\t\t\t<\/div>\r\n\t\t\t\t\t\t\t<div class=\"portfolio-info s1\">\r\n\t\t\t\t\t\t\t\t<div class=\"portfolio-info-inner\">\r\n\t\t\t\t\t\t\t\t\t<h5 class=\"portfolio-info-title\"><a href=\"https:\/\/resetdluhu.cz\/index.php\/portfolio\/app-for-health\/\">Ivona \u0160t\u011bp\u00e1nkov\u00e1<\/a><\/h5>\r\n\t\t\t\t\t\t\t\t\t \r\n\t\t\t\t\t\t\t\t<\/div>\r\n\t\t\t\t\t\t\t<\/div>\r\n\t\t\t\t\t\t<\/div>\r\n\t\t\t\t\t<\/div>\r\n\r\n\t            \t        <\/div>\r\n\t    <\/div>\r\n\r\n\t    \t\t\t\t<\/div>\n\t\t\t\t<\/div>\n\t\t\t\t\t<\/div>\n\t\t<\/div>\n\t\t\t\t\t<\/div>\n\t\t<\/section>\n\t\t\t\t<\/div>\n\t\t","protected":false},"excerpt":{"rendered":"<p>P\u0158\u00cdB\u011aHY KLIENT\u016e Pod\u00edvejte se, kolika lidem jsme pomohli ven z dluhov\u00e9 pasti Roman Welzel Denisa Pezzella Andrea Suchop\u00e1rov\u00e1 Josef V\u00e1vra \u0160tefan Pataki Ivona \u0160t\u011bp\u00e1nkov\u00e1 Ferdinand Pohlotko K\u0159\u00edpalov\u00e1 Valerie Michal Pech\u00e1\u010dek Immersive Experience Cereal Project Crypto App Project<\/p>\n","protected":false},"author":1,"featured_media":0,"parent":0,"menu_order":0,"comment_status":"closed","ping_status":"closed","template":"","meta":{"footnotes":""},"class_list":["post-1430","page","type-page","status-publish","hentry"],"_links":{"self":[{"href":"https:\/\/resetdluhu.cz\/index.php\/wp-json\/wp\/v2\/pages\/1430","targetHints":{"allow":["GET"]}}],"collection":[{"href":"https:\/\/resetdluhu.cz\/index.php\/wp-json\/wp\/v2\/pages"}],"about":[{"href":"https:\/\/resetdluhu.cz\/index.php\/wp-json\/wp\/v2\/types\/page"}],"author":[{"embeddable":true,"href":"https:\/\/resetdluhu.cz\/index.php\/wp-json\/wp\/v2\/users\/1"}],"replies":[{"embeddable":true,"href":"https:\/\/resetdluhu.cz\/index.php\/wp-json\/wp\/v2\/comments?post=1430"}],"version-history":[{"count":15,"href":"https:\/\/resetdluhu.cz\/index.php\/wp-json\/wp\/v2\/pages\/1430\/revisions"}],"predecessor-version":[{"id":4929,"href":"https:\/\/resetdluhu.cz\/index.php\/wp-json\/wp\/v2\/pages\/1430\/revisions\/4929"}],"wp:attachment":[{"href":"https:\/\/resetdluhu.cz\/index.php\/wp-json\/wp\/v2\/media?parent=1430"}],"curies":[{"name":"wp","href":"https:\/\/api.w.org\/{rel}","templated":true}]}}