{"id":402,"date":"2019-10-24T09:20:59","date_gmt":"2019-10-24T09:20:59","guid":{"rendered":"http:\/\/wpdemo.archiwp.com\/onum\/?page_id=402"},"modified":"2026-04-16T15:39:09","modified_gmt":"2026-04-16T13:39:09","slug":"nase-sluzby","status":"publish","type":"page","link":"https:\/\/resetdluhu.cz\/index.php\/nase-sluzby\/","title":{"rendered":"Na\u0161e Slu\u017eby"},"content":{"rendered":"\t\t<div data-elementor-type=\"wp-page\" data-elementor-id=\"402\" class=\"elementor elementor-402\">\n\t\t\t\t<div class=\"elementor-element elementor-element-53513e5 e-con-full e-flex e-con e-parent\" data-id=\"53513e5\" data-element_type=\"container\" data-e-type=\"container\">\n\t\t\t\t<div class=\"elementor-element elementor-element-b4a3b24 elementor-widget__width-inherit elementor-widget-divider--view-line elementor-widget elementor-widget-divider\" data-id=\"b4a3b24\" data-element_type=\"widget\" data-e-type=\"widget\" data-widget_type=\"divider.default\">\n\t\t\t\t\t\t\t<div class=\"elementor-divider\">\n\t\t\t<span class=\"elementor-divider-separator\">\n\t\t\t\t\t\t<\/span>\n\t\t<\/div>\n\t\t\t\t\t\t<\/div>\n\t\t\t\t<\/div>\n\t\t\t\t<section class=\"elementor-section elementor-top-section elementor-element elementor-element-6a94402 elementor-section-content-middle elementor-section-boxed elementor-section-height-default elementor-section-height-default\" data-id=\"6a94402\" data-element_type=\"section\" data-e-type=\"section\">\n\t\t\t\t\t\t<div class=\"elementor-container elementor-column-gap-extended\">\n\t\t\t\t\t<div class=\"elementor-column elementor-col-50 elementor-top-column elementor-element elementor-element-0d112ec ot-flex-column-vertical\" data-id=\"0d112ec\" data-element_type=\"column\" data-e-type=\"column\">\n\t\t\t<div class=\"elementor-widget-wrap elementor-element-populated\">\n\t\t\t\t\t\t<div class=\"elementor-element elementor-element-496aef2 elementor-widget elementor-widget-iheading\" data-id=\"496aef2\" data-element_type=\"widget\" data-e-type=\"widget\" data-widget_type=\"iheading.default\">\n\t\t\t\t<div class=\"elementor-widget-container\">\n\t\t\t\t\t\t\t<div class=\"ot-heading left-align\">\r\n\t\t\t\r\n\t\t\t\t\r\n\r\n\t        \t            <h6 class=\"sub-heading\"><span>KDY SI \u0158\u00cdCT O POMOC?<\/span><\/h6>\r\n\t         \r\n\r\n\t        \t        \t<h2 class=\"main-heading\">V jak\u00e9 situaci zv\u00e1\u017eit na\u0161e slu\u017eby?<\/h2>\r\n\t        \t    <\/div>\r\n\t    \t\t\t\t<\/div>\n\t\t\t\t<\/div>\n\t\t\t\t<div class=\"elementor-element elementor-element-194d6f6 elementor-widget elementor-widget-text-editor\" data-id=\"194d6f6\" data-element_type=\"widget\" data-e-type=\"widget\" data-widget_type=\"text-editor.default\">\n\t\t\t\t\t\t\t\t\t<ul><li><p data-path-to-node=\"5,0,0\"><b data-path-to-node=\"5,0,0\" data-index-in-node=\"0\">Vytlouk\u00e1te kl\u00edn kl\u00ednem:<\/b> Berete si nov\u00e9 p\u016fj\u010dky, abyste poplatili ty star\u00e9, a to\u010d\u00edte se v bludn\u00e9m kruhu.<\/p><\/li><li><p data-path-to-node=\"5,1,0\"><b data-path-to-node=\"5,1,0\" data-index-in-node=\"0\">Nezvl\u00e1d\u00e1te spl\u00e1cet:<\/b> Va\u0161e m\u011bs\u00ed\u010dn\u00ed spl\u00e1tky za\u010d\u00ednaj\u00ed b\u00fdt vy\u0161\u0161\u00ed ne\u017e to, co v\u00e1m re\u00e1ln\u011b zb\u00fdv\u00e1 z v\u00fdplaty.<\/p><\/li><li><p data-path-to-node=\"5,2,0\"><b data-path-to-node=\"5,2,0\" data-index-in-node=\"0\">Boj\u00edte se zvednout telefon:<\/b> D\u011bs\u00ed v\u00e1s obs\u00edlky ve schr\u00e1nce, upom\u00ednky a neust\u00e1l\u00fd tlak ze strany v\u011b\u0159itel\u016f \u010di vymaha\u010d\u016f.<\/p><\/li><li><p data-path-to-node=\"5,3,0\"><b data-path-to-node=\"5,3,0\" data-index-in-node=\"0\">Hroz\u00ed v\u00e1m exekuce:<\/b> M\u00e1te strach o sv\u016fj majetek, nebo v\u00e1m u\u017e dokonce exekutor klepe na dve\u0159e.<\/p><\/li><\/ul>\t\t\t\t\t\t\t\t<\/div>\n\t\t\t\t\t<\/div>\n\t\t<\/div>\n\t\t\t\t<div class=\"elementor-column elementor-col-50 elementor-top-column elementor-element elementor-element-88ec21b ot-flex-column-vertical\" data-id=\"88ec21b\" data-element_type=\"column\" data-e-type=\"column\">\n\t\t\t<div class=\"elementor-widget-wrap elementor-element-populated\">\n\t\t\t\t\t\t<div class=\"elementor-element elementor-element-339c541 elementor-widget elementor-widget-image\" data-id=\"339c541\" data-element_type=\"widget\" data-e-type=\"widget\" data-widget_type=\"image.default\">\n\t\t\t\t\t\t\t\t\t\t\t\t\t\t\t<img fetchpriority=\"high\" decoding=\"async\" width=\"574\" height=\"435\" src=\"https:\/\/resetdluhu.cz\/wp-content\/uploads\/2026\/04\/Gemini_Generated_Image_l86ebkl86ebkl86e-removebg-preview.png\" class=\"attachment-large size-large wp-image-5277\" alt=\"\" srcset=\"https:\/\/resetdluhu.cz\/wp-content\/uploads\/2026\/04\/Gemini_Generated_Image_l86ebkl86ebkl86e-removebg-preview.png 574w, https:\/\/resetdluhu.cz\/wp-content\/uploads\/2026\/04\/Gemini_Generated_Image_l86ebkl86ebkl86e-removebg-preview-300x227.png 300w\" sizes=\"(max-width: 574px) 100vw, 574px\" \/>\t\t\t\t\t\t\t\t\t\t\t\t\t\t\t<\/div>\n\t\t\t\t\t<\/div>\n\t\t<\/div>\n\t\t\t\t\t<\/div>\n\t\t<\/section>\n\t\t\t\t<section class=\"elementor-section elementor-top-section elementor-element elementor-element-7cd0e1d elementor-section-content-middle elementor-section-boxed elementor-section-height-default elementor-section-height-default\" data-id=\"7cd0e1d\" data-element_type=\"section\" data-e-type=\"section\">\n\t\t\t\t\t\t<div class=\"elementor-container elementor-column-gap-extended\">\n\t\t\t\t\t<div class=\"elementor-column elementor-col-50 elementor-top-column elementor-element elementor-element-bf76bf0 ot-flex-column-vertical\" data-id=\"bf76bf0\" data-element_type=\"column\" data-e-type=\"column\">\n\t\t\t<div class=\"elementor-widget-wrap elementor-element-populated\">\n\t\t\t\t\t\t<div class=\"elementor-element elementor-element-f91826b elementor-widget elementor-widget-image\" data-id=\"f91826b\" data-element_type=\"widget\" data-e-type=\"widget\" data-widget_type=\"image.default\">\n\t\t\t\t\t\t\t\t\t\t\t\t\t\t\t<img decoding=\"async\" width=\"612\" height=\"408\" src=\"https:\/\/resetdluhu.cz\/wp-content\/uploads\/2026\/04\/obrazek.png\" class=\"attachment-large size-large wp-image-5399\" alt=\"\" srcset=\"https:\/\/resetdluhu.cz\/wp-content\/uploads\/2026\/04\/obrazek.png 612w, https:\/\/resetdluhu.cz\/wp-content\/uploads\/2026\/04\/obrazek-300x200.png 300w\" sizes=\"(max-width: 612px) 100vw, 612px\" \/>\t\t\t\t\t\t\t\t\t\t\t\t\t\t\t<\/div>\n\t\t\t\t\t<\/div>\n\t\t<\/div>\n\t\t\t\t<div class=\"elementor-column elementor-col-50 elementor-top-column elementor-element elementor-element-8514869 ot-flex-column-vertical\" data-id=\"8514869\" data-element_type=\"column\" data-e-type=\"column\">\n\t\t\t<div class=\"elementor-widget-wrap elementor-element-populated\">\n\t\t\t\t\t\t<div class=\"elementor-element elementor-element-a87e632 elementor-widget elementor-widget-iheading\" data-id=\"a87e632\" data-element_type=\"widget\" data-e-type=\"widget\" data-widget_type=\"iheading.default\">\n\t\t\t\t<div class=\"elementor-widget-container\">\n\t\t\t\t\t\t\t<div class=\"ot-heading left-align\">\r\n\t\t\t\r\n\t\t\t\t\r\n\r\n\t        \t            <h6 class=\"sub-heading\"><span>Pro\u010d my?<\/span><\/h6>\r\n\t         \r\n\r\n\t        \t        \t<h2 class=\"main-heading\">Pom\u00e1h\u00e1me lidem naj\u00edt cestu z dluh\u016f<\/h2>\r\n\t        \t    <\/div>\r\n\t    \t\t\t\t<\/div>\n\t\t\t\t<\/div>\n\t\t\t\t<div class=\"elementor-element elementor-element-36eca17 elementor-widget elementor-widget-text-editor\" data-id=\"36eca17\" data-element_type=\"widget\" data-e-type=\"widget\" data-widget_type=\"text-editor.default\">\n\t\t\t\t\t\t\t\t\t<p data-start=\"210\" data-end=\"423\">Ka\u017ed\u00e1 finan\u010dn\u00ed situace je jin\u00e1. Na\u0161i poradci s v\u00e1mi projdou v\u0161echny mo\u017enosti \u0159e\u0161en\u00ed dluh\u016f a pomohou v\u00e1m vybrat tu nejlep\u0161\u00ed cestu k oddlu\u017een\u00ed. Vysv\u011btl\u00edme cel\u00fd proces srozumiteln\u011b a provedeme v\u00e1s j\u00edm krok za krokem.<\/p>\n<p data-start=\"425\" data-end=\"517\">Na\u0161\u00edm c\u00edlem je pomoci v\u00e1m z\u00edskat zp\u011bt kontrolu nad va\u0161imi financemi a za\u010d\u00edt znovu bez dluh\u016f.<\/p>\t\t\t\t\t\t\t\t<\/div>\n\t\t\t\t<section class=\"elementor-section elementor-inner-section elementor-element elementor-element-f97522c elementor-section-full_width elementor-section-height-default elementor-section-height-default\" data-id=\"f97522c\" data-element_type=\"section\" data-e-type=\"section\">\n\t\t\t\t\t\t<div class=\"elementor-container elementor-column-gap-extended\">\n\t\t\t\t\t<div class=\"elementor-column elementor-col-33 elementor-inner-column elementor-element elementor-element-31425bf ot-flex-column-vertical\" data-id=\"31425bf\" data-element_type=\"column\" data-e-type=\"column\">\n\t\t\t<div class=\"elementor-widget-wrap elementor-element-populated\">\n\t\t\t\t\t\t<div class=\"elementor-element elementor-element-85e1f30 elementor-widget elementor-widget-icounter\" data-id=\"85e1f30\" data-element_type=\"widget\" data-e-type=\"widget\" data-widget_type=\"icounter.default\">\n\t\t\t\t<div class=\"elementor-widget-container\">\n\t\t\t\t\t\t\t\t\t\t    \t<div class=\"ot-counter \">\r\n\t\t        \t<div>\r\n\t\t        \t\t<span class=\"num\" data-to=\"900\" data-time= \"2000\"><\/span>\r\n\t\t        \t\t<span>+<\/span>\t\t        \t<\/div>\r\n\t\t        \t<h6 class=\"counter-title\">Klient\u016f<\/h6>        \t\t\t\t        \r\n\t\t\t    <\/div>\r\n\t\t    \t    \t\t\t\t<\/div>\n\t\t\t\t<\/div>\n\t\t\t\t\t<\/div>\n\t\t<\/div>\n\t\t\t\t<div class=\"elementor-column elementor-col-33 elementor-inner-column elementor-element elementor-element-e8899ab ot-flex-column-vertical\" data-id=\"e8899ab\" data-element_type=\"column\" data-e-type=\"column\">\n\t\t\t<div class=\"elementor-widget-wrap elementor-element-populated\">\n\t\t\t\t\t\t<div class=\"elementor-element elementor-element-4a235ee elementor-widget elementor-widget-icounter\" data-id=\"4a235ee\" data-element_type=\"widget\" data-e-type=\"widget\" data-widget_type=\"icounter.default\">\n\t\t\t\t<div class=\"elementor-widget-container\">\n\t\t\t\t\t\t\t\t\t\t    \t<div class=\"ot-counter \">\r\n\t\t        \t<div>\r\n\t\t        \t\t<span class=\"num\" data-to=\"18\" data-time= \"2000\"><\/span>\r\n\t\t        \t\t<span>+<\/span>\t\t        \t<\/div>\r\n\t\t        \t<h6 class=\"counter-title\">Let praxe<\/h6>        \t\t\t\t        \r\n\t\t\t    <\/div>\r\n\t\t    \t    \t\t\t\t<\/div>\n\t\t\t\t<\/div>\n\t\t\t\t\t<\/div>\n\t\t<\/div>\n\t\t\t\t<div class=\"elementor-column elementor-col-33 elementor-inner-column elementor-element elementor-element-66534f5 ot-flex-column-vertical\" data-id=\"66534f5\" data-element_type=\"column\" data-e-type=\"column\">\n\t\t\t<div class=\"elementor-widget-wrap elementor-element-populated\">\n\t\t\t\t\t\t<div class=\"elementor-element elementor-element-6e75008 elementor-widget elementor-widget-icounter\" data-id=\"6e75008\" data-element_type=\"widget\" data-e-type=\"widget\" data-widget_type=\"icounter.default\">\n\t\t\t\t<div class=\"elementor-widget-container\">\n\t\t\t\t\t\t\t\t\t\t    \t<div class=\"ot-counter \">\r\n\t\t        \t<div>\r\n\t\t        \t\t<span class=\"num\" data-to=\"25\" data-time= \"2000\"><\/span>\r\n\t\t        \t\t\t\t        \t<\/div>\r\n\t\t        \t<h6 class=\"counter-title\">Odborn\u00fdch poradc\u016f<\/h6>        \t\t\t\t        \r\n\t\t\t    <\/div>\r\n\t\t    \t    \t\t\t\t<\/div>\n\t\t\t\t<\/div>\n\t\t\t\t\t<\/div>\n\t\t<\/div>\n\t\t\t\t\t<\/div>\n\t\t<\/section>\n\t\t\t\t\t<\/div>\n\t\t<\/div>\n\t\t\t\t\t<\/div>\n\t\t<\/section>\n\t\t\t\t<section class=\"elementor-section elementor-top-section elementor-element elementor-element-2694984 elementor-section-boxed elementor-section-height-default elementor-section-height-default\" data-id=\"2694984\" data-element_type=\"section\" data-e-type=\"section\">\n\t\t\t\t\t\t<div class=\"elementor-container elementor-column-gap-extended\">\n\t\t\t\t\t<div class=\"elementor-column elementor-col-50 elementor-top-column elementor-element elementor-element-9c3100f ot-flex-column-vertical\" data-id=\"9c3100f\" data-element_type=\"column\" data-e-type=\"column\">\n\t\t\t<div class=\"elementor-widget-wrap elementor-element-populated\">\n\t\t\t\t\t\t<div class=\"elementor-element elementor-element-e67c3e3 elementor-widget elementor-widget-iservice_box\" data-id=\"e67c3e3\" data-element_type=\"widget\" data-e-type=\"widget\" data-widget_type=\"iservice_box.default\">\n\t\t\t\t<div class=\"elementor-widget-container\">\n\t\t\t\t\t\r\n\t\t\t\t<div class=\"service-box s-box elementor-animation-\">\r\n\t\t\t<div class=\"overlay\"><\/div>\r\n\t        <span class=\"big-number\">01<\/span>\r\n\t\t\t\t\t\t<div class=\"number-box\">\r\n\t\t        01\t        <\/div>\r\n\t        \t        <div class=\"content-box\">\r\n\t            <h5 class=\"service-box-title\">Oddlu\u017een\u00ed (insolvence)<\/h5>\r\n\t            <p>Pom\u016f\u017eeme v\u00e1m proj\u00edt procesem oddlu\u017een\u00ed od za\u010d\u00e1tku a\u017e do konce. P\u0159iprav\u00edme pot\u0159ebn\u00e9 dokumenty, vysv\u011btl\u00edme jednotliv\u00e9 kroky a provedeme v\u00e1s cestou k nov\u00e9mu finan\u010dn\u00edmu za\u010d\u00e1tku.<\/p>\r\n\t        <\/div>\r\n\t    <\/div>\r\n\t    \r\n\t    \t\t\t\t<\/div>\n\t\t\t\t<\/div>\n\t\t\t\t<div class=\"elementor-element elementor-element-1d72562 elementor-widget elementor-widget-iservice_box\" data-id=\"1d72562\" data-element_type=\"widget\" data-e-type=\"widget\" data-widget_type=\"iservice_box.default\">\n\t\t\t\t<div class=\"elementor-widget-container\">\n\t\t\t\t\t\r\n\t\t\t\t<div class=\"service-box s-box elementor-animation-\">\r\n\t\t\t<div class=\"overlay\"><\/div>\r\n\t        <span class=\"big-number\">02<\/span>\r\n\t\t\t\t\t\t<div class=\"number-box\">\r\n\t\t        02\t        <\/div>\r\n\t        \t        <div class=\"content-box\">\r\n\t            <h5 class=\"service-box-title\">Zastaven\u00ed exekuc\u00ed<\/h5>\r\n\t            <p>Pom\u016f\u017eeme v\u00e1m \u0159e\u0161it exekuce a komunikaci s v\u011b\u0159iteli. Spole\u010dn\u011b najdeme \u0159e\u0161en\u00ed, jak stabilizovat va\u0161i finan\u010dn\u00ed situaci.<\/p>\r\n\t        <\/div>\r\n\t    <\/div>\r\n\t    \r\n\t    \t\t\t\t<\/div>\n\t\t\t\t<\/div>\n\t\t\t\t\t<\/div>\n\t\t<\/div>\n\t\t\t\t<div class=\"elementor-column elementor-col-50 elementor-top-column elementor-element elementor-element-dd6ea14 ot-flex-column-vertical\" data-id=\"dd6ea14\" data-element_type=\"column\" data-e-type=\"column\">\n\t\t\t<div class=\"elementor-widget-wrap elementor-element-populated\">\n\t\t\t\t\t\t<div class=\"elementor-element elementor-element-7f59259 elementor-widget elementor-widget-iservice_box\" data-id=\"7f59259\" data-element_type=\"widget\" data-e-type=\"widget\" data-widget_type=\"iservice_box.default\">\n\t\t\t\t<div class=\"elementor-widget-container\">\n\t\t\t\t\t\r\n\t\t\t\t<div class=\"service-box s-box elementor-animation-\">\r\n\t\t\t<div class=\"overlay\"><\/div>\r\n\t        <span class=\"big-number\">03<\/span>\r\n\t\t\t\t\t\t<div class=\"number-box\">\r\n\t\t        03\t        <\/div>\r\n\t        \t        <div class=\"content-box\">\r\n\t            <h5 class=\"service-box-title\">Anal\u00fdza dluh\u016f<\/h5>\r\n\t            <p>Projdeme s v\u00e1mi va\u0161i finan\u010dn\u00ed situaci a zjist\u00edme, jak\u00e9 m\u00e1te mo\u017enosti \u0159e\u0161en\u00ed dluh\u016f. Konzultace je nez\u00e1vazn\u00e1 a zdarma.<\/p>\r\n\t        <\/div>\r\n\t    <\/div>\r\n\t    \r\n\t    \t\t\t\t<\/div>\n\t\t\t\t<\/div>\n\t\t\t\t<div class=\"elementor-element elementor-element-292ae04 elementor-widget elementor-widget-iservice_box\" data-id=\"292ae04\" data-element_type=\"widget\" data-e-type=\"widget\" data-widget_type=\"iservice_box.default\">\n\t\t\t\t<div class=\"elementor-widget-container\">\n\t\t\t\t\t\r\n\t\t\t\t<div class=\"service-box s-box elementor-animation-\">\r\n\t\t\t<div class=\"overlay\"><\/div>\r\n\t        <span class=\"big-number\">04<\/span>\r\n\t\t\t\t\t\t<div class=\"number-box\">\r\n\t\t        04\t        <\/div>\r\n\t        \t        <div class=\"content-box\">\r\n\t            <h5 class=\"service-box-title\">Finan\u010dn\u00ed poradenstv\u00ed<\/h5>\r\n\t            <p>Pom\u016f\u017eeme v\u00e1m nastavit pl\u00e1n, jak se postupn\u011b zbavit dluh\u016f a z\u00edskat zp\u011bt kontrolu nad sv\u00fdmi financemi.<\/p>\r\n\t        <\/div>\r\n\t    <\/div>\r\n\t    \r\n\t    \t\t\t\t<\/div>\n\t\t\t\t<\/div>\n\t\t\t\t\t<\/div>\n\t\t<\/div>\n\t\t\t\t\t<\/div>\n\t\t<\/section>\n\t\t\t\t<\/div>\n\t\t","protected":false},"excerpt":{"rendered":"<p>KDY SI \u0158\u00cdCT O POMOC? V jak\u00e9 situaci zv\u00e1\u017eit na\u0161e slu\u017eby? Vytlouk\u00e1te kl\u00edn kl\u00ednem: Berete si nov\u00e9 p\u016fj\u010dky, abyste poplatili ty star\u00e9, a to\u010d\u00edte se v bludn\u00e9m kruhu. Nezvl\u00e1d\u00e1te spl\u00e1cet: Va\u0161e m\u011bs\u00ed\u010dn\u00ed spl\u00e1tky za\u010d\u00ednaj\u00ed b\u00fdt vy\u0161\u0161\u00ed ne\u017e to, co v\u00e1m re\u00e1ln\u011b zb\u00fdv\u00e1 z v\u00fdplaty. Boj\u00edte se zvednout telefon: D\u011bs\u00ed v\u00e1s obs\u00edlky ve schr\u00e1nce, upom\u00ednky a [&hellip;]<\/p>\n","protected":false},"author":1,"featured_media":0,"parent":0,"menu_order":0,"comment_status":"closed","ping_status":"closed","template":"","meta":{"footnotes":""},"class_list":["post-402","page","type-page","status-publish","hentry"],"_links":{"self":[{"href":"https:\/\/resetdluhu.cz\/index.php\/wp-json\/wp\/v2\/pages\/402","targetHints":{"allow":["GET"]}}],"collection":[{"href":"https:\/\/resetdluhu.cz\/index.php\/wp-json\/wp\/v2\/pages"}],"about":[{"href":"https:\/\/resetdluhu.cz\/index.php\/wp-json\/wp\/v2\/types\/page"}],"author":[{"embeddable":true,"href":"https:\/\/resetdluhu.cz\/index.php\/wp-json\/wp\/v2\/users\/1"}],"replies":[{"embeddable":true,"href":"https:\/\/resetdluhu.cz\/index.php\/wp-json\/wp\/v2\/comments?post=402"}],"version-history":[{"count":34,"href":"https:\/\/resetdluhu.cz\/index.php\/wp-json\/wp\/v2\/pages\/402\/revisions"}],"predecessor-version":[{"id":5402,"href":"https:\/\/resetdluhu.cz\/index.php\/wp-json\/wp\/v2\/pages\/402\/revisions\/5402"}],"wp:attachment":[{"href":"https:\/\/resetdluhu.cz\/index.php\/wp-json\/wp\/v2\/media?parent=402"}],"curies":[{"name":"wp","href":"https:\/\/api.w.org\/{rel}","templated":true}]}}