{"id":4987,"date":"2026-03-12T10:27:41","date_gmt":"2026-03-12T09:27:41","guid":{"rendered":"https:\/\/resetdluhu.cz\/?page_id=4987"},"modified":"2026-04-02T22:09:36","modified_gmt":"2026-04-02T20:09:36","slug":"kalkulacka-oddluzneni","status":"publish","type":"page","link":"https:\/\/resetdluhu.cz\/index.php\/kalkulacka-oddluzneni\/","title":{"rendered":"Kalkula\u010dka oddlu\u017en\u011bn\u00ed"},"content":{"rendered":"\t\t<div data-elementor-type=\"wp-page\" data-elementor-id=\"4987\" class=\"elementor elementor-4987\">\n\t\t\t\t<div class=\"elementor-element elementor-element-ff3b9c2 e-flex e-con-boxed e-con e-parent\" data-id=\"ff3b9c2\" data-element_type=\"container\" data-e-type=\"container\">\n\t\t\t\t\t<div class=\"e-con-inner\">\n\t\t<div class=\"elementor-element elementor-element-b574c71 e-con-full e-flex e-con e-child\" data-id=\"b574c71\" data-element_type=\"container\" data-e-type=\"container\">\n\t\t\t\t<div class=\"elementor-element elementor-element-b3bda3d elementor-widget__width-inherit elementor-widget-divider--view-line elementor-widget elementor-widget-divider\" data-id=\"b3bda3d\" data-element_type=\"widget\" data-e-type=\"widget\" data-widget_type=\"divider.default\">\n\t\t\t\t\t\t\t<div class=\"elementor-divider\">\n\t\t\t<span class=\"elementor-divider-separator\">\n\t\t\t\t\t\t<\/span>\n\t\t<\/div>\n\t\t\t\t\t\t<\/div>\n\t\t\t\t<\/div>\n\t\t<div class=\"elementor-element elementor-element-b95b17d e-con-full e-flex e-con e-child\" data-id=\"b95b17d\" data-element_type=\"container\" data-e-type=\"container\">\n\t\t\t\t<div class=\"elementor-element elementor-element-60922b0 elementor-widget elementor-widget-iheading\" data-id=\"60922b0\" data-element_type=\"widget\" data-e-type=\"widget\" data-widget_type=\"iheading.default\">\n\t\t\t\t<div class=\"elementor-widget-container\">\n\t\t\t\t\t\t\t<div class=\"ot-heading left-align\">\r\n\t\t\t\r\n\t\t\t\t\r\n\r\n\t         \r\n\r\n\t        \t        \t<h1 class=\"main-heading\">Kalkula\u010dka oddlu\u017een\u00ed 2026<\/h1>\r\n\t        \t    <\/div>\r\n\t    \t\t\t\t<\/div>\n\t\t\t\t<\/div>\n\t\t\t\t<div class=\"elementor-element elementor-element-d6e5de4 elementor-widget elementor-widget-text-editor\" data-id=\"d6e5de4\" data-element_type=\"widget\" data-e-type=\"widget\" data-widget_type=\"text-editor.default\">\n\t\t\t\t\t\t\t\t\t<p>Zjist\u011bte p\u0159edem, kolik v\u00e1m v <b data-path-to-node=\"3\" data-index-in-node=\"67\">osobn\u00edm bankrotu<\/b> re\u00e1ln\u011b z\u016fstane pen\u011bz na b\u011b\u017en\u00fd \u017eivot. Na\u0161e <b data-path-to-node=\"3\" data-index-in-node=\"126\">insolven\u010dn\u00ed kalkula\u010dka pro rok 2026<\/b> v\u00e1m obratem a zcela anonymn\u011b spo\u010d\u00edt\u00e1 p\u0159esn\u00e9 <b data-path-to-node=\"3\" data-index-in-node=\"206\">sr\u00e1\u017eky ze mzdy<\/b> i va\u0161e z\u00e1konn\u00e9 <b data-path-to-node=\"3\" data-index-in-node=\"236\">nezabaviteln\u00e9 minimum<\/b>. Nemus\u00edte se b\u00e1t, \u017ee p\u0159ijdete o v\u0161echno \u2013 st\u00e1t garantuje \u010d\u00e1stku, na kterou v\u00e1m nesm\u00ed s\u00e1hnout \u017e\u00e1dn\u00fd exekutor. Zadejte sv\u00e9 \u010dist\u00e9 p\u0159\u00edjmy, vy\u017eivovan\u00e9 osoby a zjist\u011bte, jestli spl\u0148ujete podm\u00ednky pro \u00fasp\u011b\u0161n\u00e9 <b data-path-to-node=\"3\" data-index-in-node=\"460\">oddlu\u017een\u00ed<\/b>.<\/p>\t\t\t\t\t\t\t\t<\/div>\n\t\t\t\t<div class=\"elementor-element elementor-element-088fed9 elementor-widget elementor-widget-iheading\" data-id=\"088fed9\" data-element_type=\"widget\" data-e-type=\"widget\" data-widget_type=\"iheading.default\">\n\t\t\t\t<div class=\"elementor-widget-container\">\n\t\t\t\t\t\t\t<div class=\"ot-heading left-align\">\r\n\t\t\t\r\n\t\t\t\t\r\n\r\n\t         \r\n\r\n\t        \t        \t<h2 class=\"main-heading\">V\u00fdpo\u010det insolvence a sr\u00e1\u017eek<\/h2>\r\n\t        \t    <\/div>\r\n\t    \t\t\t\t<\/div>\n\t\t\t\t<\/div>\n\t\t\t\t<\/div>\n\t\t<div class=\"elementor-element elementor-element-b2db8d9 e-con-full e-flex e-con e-child\" data-id=\"b2db8d9\" data-element_type=\"container\" data-e-type=\"container\">\n\t\t\t\t<div class=\"elementor-element elementor-element-d506736 elementor-widget elementor-widget-shortcode\" data-id=\"d506736\" data-element_type=\"widget\" data-e-type=\"widget\" data-widget_type=\"shortcode.default\">\n\t\t\t\t\t\t\t<div class=\"elementor-shortcode\">    \n    <div class=\"insolvency-calculator-wrapper\">\n        <div class=\"calc-left\">\n            <div class=\"calc-row\">\n                <label>\u010cist\u00fd m\u011bs\u00ed\u010dn\u00ed p\u0159\u00edjem<\/label>\n                <div class=\"input-group\">\n                    <input type=\"number\" id=\"calc-income-num\" value=\"24000\" min=\"0\" max=\"150000\" step=\"500\">\n                    <span class=\"currency\">K\u010d<\/span>\n                <\/div>\n            <\/div>\n            <input type=\"range\" id=\"calc-income-slider\" min=\"0\" max=\"150000\" step=\"500\" value=\"24000\" class=\"calc-slider\">\n\n            <div class=\"calc-row mt-4\">\n                <label>P\u0159ibli\u017en\u00e1 v\u00fd\u0161e dluh\u016f<\/label>\n                <div class=\"input-group\">\n                    <input type=\"number\" id=\"calc-debt-num\" value=\"120000\" min=\"0\" max=\"5000000\" step=\"10000\">\n                    <span class=\"currency\">K\u010d<\/span>\n                <\/div>\n            <\/div>\n            <input type=\"range\" id=\"calc-debt-slider\" min=\"0\" max=\"5000000\" step=\"10000\" value=\"120000\" class=\"calc-slider\">\n\n            <div class=\"calc-row mt-4 flex-center\">\n                <label>Man\u017eel\/Man\u017eelka jako<br>vy\u017eivovan\u00e1 osoba*<\/label>\n                <div class=\"radio-group\">\n                    <label><input type=\"radio\" name=\"calc_spouse\" value=\"1\"> Ano<\/label>\n                    <label><input type=\"radio\" name=\"calc_spouse\" value=\"0\" checked> Ne<\/label>\n                <\/div>\n            <\/div>\n\n            <div class=\"calc-row mt-4 flex-center\">\n                <label>Po\u010det d\u011bt\u00ed<\/label>\n                <select id=\"calc-children\">\n                    <option value=\"0\">0<\/option>https:\/\/meet.google.com\/pnt-deyy-qpk\n                    <option value=\"1\">1<\/option>\n                    <option value=\"2\">2<\/option>\n                    <option value=\"3\">3<\/option>\n                    <option value=\"4\">4<\/option>\n                    <option value=\"5\">5 a v\u00edce<\/option>\n                <\/select>\n            <\/div>\n            \n            <p class=\"calc-note\">* Plat\u00ed pokud man\u017eel nebo man\u017eelka pob\u00edr\u00e1 starobn\u00ed \u010di invalidn\u00ed d\u016fchod II. a III stupn\u011b.<\/p>\n        <\/div>\n\n        <div class=\"calc-right\">\n            <h3 id=\"calc-status-title\" class=\"status-blue\">Spl\u0148ujete z\u00e1konn\u00e9 vstupn\u00ed podm\u00ednky pro oddlu\u017een\u00ed.<\/h3>\n            <p class=\"status-text\">Konkr\u00e9tn\u00ed m\u00edru spln\u011bn\u00ed dluh\u016f nutnou pro osvobozen\u00ed od dluh\u016f ur\u010d\u00ed soud. Pro v\u00edce informac\u00ed n\u00e1s kontaktujte nebo n\u00e1m zanechte Va\u0161e kontakty a my se V\u00e1m ozveme!<\/p>\n\n            <div class=\"result-row mt-4\">\n                <span>M\u00edra splacen\u00ed dluhu po 3 letech:<\/span>\n                <strong id=\"res-percentage\">100 %<\/strong>\n            <\/div>\n            <hr>\n            <div class=\"result-row\">\n                <span>M\u011bs\u00ed\u010dn\u00ed sr\u00e1\u017eka ze mzdy:<\/span>\n                <strong id=\"res-deduction\">0 K\u010d<\/strong>\n            <\/div>\n            <hr>\n            <div class=\"result-row\">\n                <span>Vyplacen\u00e1 m\u011bs\u00ed\u010dn\u00ed mzda:<\/span>\n                <strong id=\"res-netwage\">0 K\u010d<\/strong>\n            <\/div>\n        <\/div>\n    <\/div>\n\n    <style>\n    \/* CSS STYLY PRO KALKULA\u010cKU *\/\n    .insolvency-calculator-wrapper {\n        display: flex;\n        flex-wrap: wrap;\n        gap: 40px;\n        background: #fdfdfd;\n        border: 1px solid #cce0f5;\n        padding: 30px;\n        border-radius: 8px;\n        font-family: sans-serif;\n        color: #333;\n        box-sizing: border-box;\n        scroll-margin-top: 100px; \n    }\n    .calc-left, .calc-right { flex: 1; min-width: 300px; }\n    .calc-row { display: flex; justify-content: space-between; align-items: center; margin-bottom: 10px; }\n    .calc-row.mt-4 { margin-top: 25px; }\n    .input-group { display: flex; align-items: center; background: #f4f6f8; border: 1px solid #dcdcdc; border-radius: 4px; overflow: hidden; }\n    .input-group input { border: none; background: transparent; padding: 8px 10px; width: 100px; text-align: right; outline: none; }\n    .input-group .currency { padding: 8px 10px; background: #e9ecef; color: #555; border-left: 1px solid #dcdcdc; }\n    .insolvency-calculator-wrapper select, .insolvency-calculator-wrapper input[type=\"radio\"] { cursor: pointer; }\n    .insolvency-calculator-wrapper select { padding: 8px 15px; border: 1px solid #dcdcdc; border-radius: 4px; background: #f4f6f8; }\n    .radio-group label { margin-left: 15px; cursor: pointer; }\n    .calc-slider { width: 100%; -webkit-appearance: none; height: 8px; background: #e0e0e0; border-radius: 5px; outline: none; margin-top: 5px; }\n    .calc-slider::-webkit-slider-thumb { -webkit-appearance: none; appearance: none; width: 20px; height: 20px; border-radius: 50%; background: #0056b3; cursor: pointer; }\n    .calc-note { font-size: 0.85em; color: #666; margin-top: 30px; line-height: 1.4; }\n    .status-blue { color: #0056b3; font-size: 1.4em; margin-top: 0; margin-bottom: 15px; line-height: 1.3; font-weight: bold; }\n    .status-red { color: #d32f2f; font-size: 1.4em; margin-top: 0; margin-bottom: 15px; line-height: 1.3; font-weight: bold; }\n    .status-text { font-size: 1em; line-height: 1.5; margin-bottom: 25px; }\n    .result-row { display: flex; justify-content: space-between; font-size: 1.1em; margin: 15px 0; }\n    .insolvency-calculator-wrapper hr { border: 0; border-top: 1px solid #eaeaea; margin: 10px 0; }\n    @media (max-width: 768px) { .calc-row { flex-direction: column; align-items: flex-start; } .calc-row label { margin-bottom: 8px; } }\n    <\/style>\n\n    <script>\n    document.addEventListener(\"DOMContentLoaded\", function() {\n        \n        const nezabavitelneMinimum = parseFloat(\"14101.50\");\n        const castkaNaVyzivovanouOsobu = parseFloat(\"3525.38\");\n        const plneZabavitelnaHranice = parseFloat(\"31521\");\n        const minimalniSplatka = parseFloat(\"2178\");\n\n        const inIncomeNum = document.getElementById('calc-income-num');\n        const inIncomeSlider = document.getElementById('calc-income-slider');\n        const inDebtNum = document.getElementById('calc-debt-num');\n        const inDebtSlider = document.getElementById('calc-debt-slider');\n        const inSpouse = document.querySelectorAll('input[name=\"calc_spouse\"]');\n        const inChildren = document.getElementById('calc-children');\n        \n        const outPercentage = document.getElementById('res-percentage');\n        const outDeduction = document.getElementById('res-deduction');\n        const outNetwage = document.getElementById('res-netwage');\n        const outStatusTitle = document.getElementById('calc-status-title');\n\n        function syncInputs(numEl, sliderEl) {\n            if (!numEl || !sliderEl) return;\n            numEl.addEventListener('input', () => { sliderEl.value = numEl.value; calculate(); });\n            sliderEl.addEventListener('input', () => { numEl.value = sliderEl.value; calculate(); });\n        }\n        syncInputs(inIncomeNum, inIncomeSlider);\n        syncInputs(inDebtNum, inDebtSlider);\n        \n        if (inSpouse) inSpouse.forEach(radio => radio.addEventListener('change', calculate));\n        if (inChildren) inChildren.addEventListener('change', calculate);\n\n        function formatCZK(number) {\n            return new Intl.NumberFormat('cs-CZ').format(Math.round(number)) + ' K\u010d';\n        }\n\n        function calculate() {\n            if (!inIncomeNum || !inDebtNum) return;\n\n            const income = parseFloat(inIncomeNum.value) || 0;\n            const debt = parseFloat(inDebtNum.value) || 0;\n            let spouse = 0;\n            inSpouse.forEach(r => { if(r.checked) spouse = parseInt(r.value); });\n            const children = parseInt(inChildren.value) || 0;\n\n            const totalDependents = spouse + children;\n\n            let celkoveNezabavitelno = nezabavitelneMinimum + (totalDependents * castkaNaVyzivovanouOsobu);\n            \n            let srazka = 0;\n            let zbytekPoOde\u010dtuNezabavitelna = income - celkoveNezabavitelno;\n\n            if (zbytekPoOde\u010dtuNezabavitelna > 0) {\n                if (zbytekPoOde\u010dtuNezabavitelna > plneZabavitelnaHranice) {\n                    let tretiny = Math.floor(plneZabavitelnaHranice \/ 3);\n                    let nadHranici = zbytekPoOde\u010dtuNezabavitelna - plneZabavitelnaHranice;\n                    srazka = (tretiny * 2) + nadHranici;\n                } else {\n                    let tretiny = Math.floor(zbytekPoOde\u010dtuNezabavitelna \/ 3);\n                    srazka = tretiny * 2;\n                }\n            }\n\n            const vyplata = income - srazka;\n            \n            const za3roky = srazka * 36;\n            let procento = 0;\n            if (debt > 0) {\n                procento = (za3roky \/ debt) * 100;\n                if (procento > 100) procento = 100;\n            }\n\n            outDeduction.innerText = formatCZK(srazka);\n            outNetwage.innerText = formatCZK(vyplata);\n            outPercentage.innerText = procento.toFixed(1).replace('.', ',') + ' %';\n\n            if (srazka < minimalniSplatka) {\n                outStatusTitle.innerText = \"Va\u0161e p\u0159\u00edjmy aktu\u00e1ln\u011b neposta\u010duj\u00ed na minim\u00e1ln\u00ed spl\u00e1tku.\";\n                outStatusTitle.className = \"status-red\";\n            } else {\n                outStatusTitle.innerText = \"Spl\u0148ujete z\u00e1konn\u00e9 vstupn\u00ed podm\u00ednky pro oddlu\u017een\u00ed.\";\n                outStatusTitle.className = \"status-blue\";\n            }\n        }\n        calculate();\n    });\n    <\/script>\n    \n    <\/div>\n\t\t\t\t\t\t<\/div>\n\t\t\t\t<div class=\"elementor-element elementor-element-bb1f452 elementor-widget elementor-widget-ibutton\" data-id=\"bb1f452\" data-element_type=\"widget\" data-e-type=\"widget\" data-widget_type=\"ibutton.default\">\n\t\t\t\t<div class=\"elementor-widget-container\">\n\t\t\t\t\t\t\t<div class=\"ot-button\">\r\n\t\t\t<a href=\"\/index.php\/nase-sluzby\/#\" class=\"octf-btn octf-btn-secondary octf-btn-icon\"><span>Chci nez\u00e1vaznou konzultaci <i class=\"flaticon-right-arrow-1\"><\/i><\/span> \r\n\t\t\t\t\t\t\t<\/a>\r\n\t    <\/div>\r\n\t    \t\t\t\t<\/div>\n\t\t\t\t<\/div>\n\t\t\t\t<\/div>\n\t\t<div data-color=\"#fe4c1c,#00c3ff,#0160e7\" class=\"elementor-element elementor-element-b25907c e-grid e-con-full particles-js e-con e-child\" data-id=\"b25907c\" data-element_type=\"container\" data-e-type=\"container\">\n\t\t\t\t<div class=\"elementor-element elementor-element-cc7d8ce elementor-widget elementor-widget-text-editor\" data-id=\"cc7d8ce\" data-element_type=\"widget\" data-e-type=\"widget\" data-widget_type=\"text-editor.default\">\n\t\t\t\t\t\t\t\t\t<p><b data-path-to-node=\"3\" data-index-in-node=\"0\">M\u00edra splacen\u00ed dluhu po 3 letech<\/b><\/p><p>Tento \u00fadaj ukazuje, jakou \u010d\u00e1st ze sv\u00fdch celkov\u00fdch dluh\u016f pravd\u011bpodobn\u011b splat\u00edte za standardn\u00ed dobu oddlu\u017een\u00ed (kter\u00e1 nyn\u00ed trv\u00e1 3 roky). Nejd\u016fle\u017eit\u011bj\u0161\u00ed ale je: a\u0165 u\u017e za tyto 3 roky splat\u00edte 15 % nebo 100 %, po \u00fasp\u011b\u0161n\u00e9m dokon\u010den\u00ed oddlu\u017een\u00ed v\u00e1s soud od zbytku dluh\u016f nav\u017edy osvobod\u00ed.<\/p>\t\t\t\t\t\t\t\t<\/div>\n\t\t\t\t<div class=\"elementor-element elementor-element-2401984 elementor-widget elementor-widget-text-editor\" data-id=\"2401984\" data-element_type=\"widget\" data-e-type=\"widget\" data-widget_type=\"text-editor.default\">\n\t\t\t\t\t\t\t\t\t<p><b data-path-to-node=\"4\" data-index-in-node=\"0\">M\u011bs\u00ed\u010dn\u00ed sr\u00e1\u017eka ze mzdy<\/b><\/p><p>\u010c\u00e1stka, kter\u00e1 v insolvenci p\u016fjde na umo\u0159en\u00ed va\u0161ich dluh\u016f a odm\u011bnu insolven\u010dn\u00edho spr\u00e1vce. Pokud jste zam\u011bstnanci, bude v\u00e1m tuto \u010d\u00e1stku automaticky strh\u00e1vat p\u0159\u00edmo zam\u011bstnavatel. U \u017eivnostn\u00edk\u016f (OSV\u010c) slou\u017e\u00ed tento \u00fadaj jako orienta\u010dn\u00ed \u010d\u00e1stka, kterou budete m\u011bs\u00ed\u010dn\u011b odes\u00edlat vy.<\/p>\t\t\t\t\t\t\t\t<\/div>\n\t\t\t\t<div class=\"elementor-element elementor-element-0b13f49 elementor-widget elementor-widget-text-editor\" data-id=\"0b13f49\" data-element_type=\"widget\" data-e-type=\"widget\" data-widget_type=\"text-editor.default\">\n\t\t\t\t\t\t\t\t\t<p><b data-path-to-node=\"5\" data-index-in-node=\"0\">Vyplacen\u00e1 m\u011bs\u00ed\u010dn\u00ed mzda<\/b>\u00a0<\/p><p>To nejd\u016fle\u017eit\u011bj\u0161\u00ed pro v\u00e1s \u2013 pen\u00edze, kter\u00e9 v\u00e1m ka\u017ed\u00fd m\u011bs\u00edc re\u00e1ln\u011b p\u0159ijdou na \u00fa\u010det a z\u016fstanou v\u00e1m pro chod dom\u00e1cnosti a osobn\u00ed pot\u0159ebu. Skl\u00e1d\u00e1 se ze z\u00e1konn\u00e9ho nezabaviteln\u00e9ho minima a p\u0159\u00edpadn\u00e9 dal\u0161\u00ed \u010d\u00e1sti mzdy. Na tyto pen\u00edze u\u017e v\u00e1m \u017e\u00e1dn\u00fd exekutor ani v\u011b\u0159itel nesm\u00ed s\u00e1hnout.<\/p>\t\t\t\t\t\t\t\t<\/div>\n\t\t\t\t<div class=\"elementor-element elementor-element-c02cbe4 elementor-widget elementor-widget-text-editor\" data-id=\"c02cbe4\" data-element_type=\"widget\" data-e-type=\"widget\" data-widget_type=\"text-editor.default\">\n\t\t\t\t\t\t\t\t\t<p><b data-path-to-node=\"6\" data-index-in-node=\"0\">D\u016fle\u017eit\u00e9 upozorn\u011bn\u00ed k v\u00fdpo\u010dtu<\/b><\/p><p>V\u00fdpo\u010det sr\u00e1\u017eek v insolvenci se \u0159\u00edd\u00ed stejn\u00fdmi pravidly jako tzv. exekuce na p\u0159ednostn\u00ed pohled\u00e1vky. Oproti exekuci m\u00e1 ale insolvence obrovskou v\u00fdhodu: zastav\u00ed nar\u016fst\u00e1n\u00ed dal\u0161\u00edch \u00farok\u016f, pen\u00e1le a na konci cesty na v\u00e1s \u010dek\u00e1 \u010dist\u00fd \u0161t\u00edt. V\u00fdsledky kalkula\u010dky jsou orienta\u010dn\u00ed a \u0159\u00edd\u00ed se aktu\u00e1ln\u011b platn\u00fdmi sazbami (rok 2026). P\u0159esnou v\u00fd\u0161i spl\u00e1tek v\u017edy s kone\u010dnou platnost\u00ed ur\u010duje a\u017e soud.<\/p>\t\t\t\t\t\t\t\t<\/div>\n\t\t\t\t<\/div>\n\t\t\t\t\t<\/div>\n\t\t\t\t<\/div>\n\t\t<div class=\"elementor-element elementor-element-bace6bb e-flex e-con-boxed e-con e-parent\" data-id=\"bace6bb\" data-element_type=\"container\" data-e-type=\"container\">\n\t\t\t\t\t<div class=\"e-con-inner\">\n\t\t\t\t\t<\/div>\n\t\t\t\t<\/div>\n\t\t\t\t<\/div>\n\t\t","protected":false},"excerpt":{"rendered":"<p>Kalkula\u010dka oddlu\u017een\u00ed 2026 Zjist\u011bte p\u0159edem, kolik v\u00e1m v osobn\u00edm bankrotu re\u00e1ln\u011b z\u016fstane pen\u011bz na b\u011b\u017en\u00fd \u017eivot. Na\u0161e insolven\u010dn\u00ed kalkula\u010dka pro rok 2026 v\u00e1m obratem a zcela anonymn\u011b spo\u010d\u00edt\u00e1 p\u0159esn\u00e9 sr\u00e1\u017eky ze mzdy i va\u0161e z\u00e1konn\u00e9 nezabaviteln\u00e9 minimum. Nemus\u00edte se b\u00e1t, \u017ee p\u0159ijdete o v\u0161echno \u2013 st\u00e1t garantuje \u010d\u00e1stku, na kterou v\u00e1m nesm\u00ed s\u00e1hnout \u017e\u00e1dn\u00fd exekutor. [&hellip;]<\/p>\n","protected":false},"author":1,"featured_media":0,"parent":0,"menu_order":0,"comment_status":"closed","ping_status":"closed","template":"","meta":{"footnotes":""},"class_list":["post-4987","page","type-page","status-publish","hentry"],"_links":{"self":[{"href":"https:\/\/resetdluhu.cz\/index.php\/wp-json\/wp\/v2\/pages\/4987","targetHints":{"allow":["GET"]}}],"collection":[{"href":"https:\/\/resetdluhu.cz\/index.php\/wp-json\/wp\/v2\/pages"}],"about":[{"href":"https:\/\/resetdluhu.cz\/index.php\/wp-json\/wp\/v2\/types\/page"}],"author":[{"embeddable":true,"href":"https:\/\/resetdluhu.cz\/index.php\/wp-json\/wp\/v2\/users\/1"}],"replies":[{"embeddable":true,"href":"https:\/\/resetdluhu.cz\/index.php\/wp-json\/wp\/v2\/comments?post=4987"}],"version-history":[{"count":49,"href":"https:\/\/resetdluhu.cz\/index.php\/wp-json\/wp\/v2\/pages\/4987\/revisions"}],"predecessor-version":[{"id":5220,"href":"https:\/\/resetdluhu.cz\/index.php\/wp-json\/wp\/v2\/pages\/4987\/revisions\/5220"}],"wp:attachment":[{"href":"https:\/\/resetdluhu.cz\/index.php\/wp-json\/wp\/v2\/media?parent=4987"}],"curies":[{"name":"wp","href":"https:\/\/api.w.org\/{rel}","templated":true}]}}