{"id":753,"date":"2019-11-07T03:23:04","date_gmt":"2019-11-07T03:23:04","guid":{"rendered":"http:\/\/wpdemo.archiwp.com\/onum\/?page_id=753"},"modified":"2026-04-02T21:57:15","modified_gmt":"2026-04-02T19:57:15","slug":"about-company","status":"publish","type":"page","link":"https:\/\/resetdluhu.cz\/index.php\/about-company\/","title":{"rendered":"O n\u00e1s"},"content":{"rendered":"\t\t<div data-elementor-type=\"wp-page\" data-elementor-id=\"753\" class=\"elementor elementor-753\">\n\t\t\t\t<div class=\"elementor-element elementor-element-0aadc72 e-flex e-con-boxed e-con e-parent\" data-id=\"0aadc72\" data-element_type=\"container\" data-e-type=\"container\">\n\t\t\t\t\t<div class=\"e-con-inner\">\n\t\t\t\t<div class=\"elementor-element elementor-element-938d304 elementor-widget-divider--view-line elementor-widget elementor-widget-divider\" data-id=\"938d304\" data-element_type=\"widget\" data-e-type=\"widget\" data-widget_type=\"divider.default\">\n\t\t\t\t\t\t\t<div class=\"elementor-divider\">\n\t\t\t<span class=\"elementor-divider-separator\">\n\t\t\t\t\t\t<\/span>\n\t\t<\/div>\n\t\t\t\t\t\t<\/div>\n\t\t\t\t\t<\/div>\n\t\t\t\t<\/div>\n\t\t\t\t<section class=\"elementor-section elementor-top-section elementor-element elementor-element-588df14 elementor-section-content-middle elementor-section-boxed elementor-section-height-default elementor-section-height-default\" data-id=\"588df14\" data-element_type=\"section\" data-e-type=\"section\">\n\t\t\t\t\t\t<div class=\"elementor-container elementor-column-gap-extended\">\n\t\t\t\t\t<div class=\"elementor-column elementor-col-50 elementor-top-column elementor-element elementor-element-de195c6 ot-flex-column-vertical\" data-id=\"de195c6\" data-element_type=\"column\" data-e-type=\"column\">\n\t\t\t<div class=\"elementor-widget-wrap elementor-element-populated\">\n\t\t\t\t\t\t<div class=\"elementor-element elementor-element-7e57f00 elementor-widget elementor-widget-image\" data-id=\"7e57f00\" data-element_type=\"widget\" data-e-type=\"widget\" data-widget_type=\"image.default\">\n\t\t\t\t\t\t\t\t\t\t\t\t\t\t\t<img fetchpriority=\"high\" decoding=\"async\" width=\"1024\" height=\"1024\" src=\"https:\/\/resetdluhu.cz\/wp-content\/uploads\/2026\/03\/krotitele.png\" class=\"attachment-full size-full wp-image-4657\" alt=\"\" srcset=\"https:\/\/resetdluhu.cz\/wp-content\/uploads\/2026\/03\/krotitele.png 1024w, https:\/\/resetdluhu.cz\/wp-content\/uploads\/2026\/03\/krotitele-300x300.png 300w, https:\/\/resetdluhu.cz\/wp-content\/uploads\/2026\/03\/krotitele-150x150.png 150w, https:\/\/resetdluhu.cz\/wp-content\/uploads\/2026\/03\/krotitele-768x768.png 768w, https:\/\/resetdluhu.cz\/wp-content\/uploads\/2026\/03\/krotitele-760x760.png 760w\" sizes=\"(max-width: 1024px) 100vw, 1024px\" \/>\t\t\t\t\t\t\t\t\t\t\t\t\t\t\t<\/div>\n\t\t\t\t\t<\/div>\n\t\t<\/div>\n\t\t\t\t<div class=\"elementor-column elementor-col-50 elementor-top-column elementor-element elementor-element-233b0d2 ot-flex-column-vertical\" data-id=\"233b0d2\" data-element_type=\"column\" data-e-type=\"column\">\n\t\t\t<div class=\"elementor-widget-wrap elementor-element-populated\">\n\t\t\t\t\t\t<div class=\"elementor-element elementor-element-fe5bc85 elementor-widget elementor-widget-iheading\" data-id=\"fe5bc85\" data-element_type=\"widget\" data-e-type=\"widget\" data-widget_type=\"iheading.default\">\n\t\t\t\t<div class=\"elementor-widget-container\">\n\t\t\t\t\t\t\t<div class=\"ot-heading left-align\">\r\n\t\t\t\r\n\t\t\t\t\r\n\r\n\t        \t            <h6 class=\"sub-heading\"><span>Kdo jsme<\/span><\/h6>\r\n\t         \r\n\r\n\t        \t        \t<h2 class=\"main-heading\">Jsme Krotitel\u00e9 Dluh\u016f<br>\nPom\u016f\u017eeme v\u00e1m se zbavit va\u0161ich finan\u010dn\u00edch probl\u00e9m\u016f<\/h2>\r\n\t        \t    <\/div>\r\n\t    \t\t\t\t<\/div>\n\t\t\t\t<\/div>\n\t\t\t\t<div class=\"elementor-element elementor-element-e6e8b3f elementor-widget elementor-widget-text-editor\" data-id=\"e6e8b3f\" data-element_type=\"widget\" data-e-type=\"widget\" data-widget_type=\"text-editor.default\">\n\t\t\t\t\t\t\t\t\t<p data-start=\"216\" data-end=\"419\"><strong data-start=\"216\" data-end=\"278\">Pom\u00e1h\u00e1me lidem zbavit se dluh\u016f leg\u00e1ln\u00ed a bezpe\u010dnou cestou.<\/strong><br data-start=\"278\" data-end=\"281\" \/>Na\u0161i specialist\u00e9 analyzuj\u00ed va\u0161i finan\u010dn\u00ed situaci, navrhnou nejlep\u0161\u00ed \u0159e\u0161en\u00ed a provedou v\u00e1s cel\u00fdm procesem oddlu\u017een\u00ed od za\u010d\u00e1tku a\u017e do konce.<\/p><p>\u00a0<\/p>\t\t\t\t\t\t\t\t<\/div>\n\t\t\t\t\t<\/div>\n\t\t<\/div>\n\t\t\t\t\t<\/div>\n\t\t<\/section>\n\t\t\t\t<section class=\"elementor-section elementor-top-section elementor-element elementor-element-04ed802 elementor-section-boxed elementor-section-height-default elementor-section-height-default\" data-id=\"04ed802\" data-element_type=\"section\" data-e-type=\"section\" data-settings=\"{&quot;background_background&quot;:&quot;classic&quot;}\">\n\t\t\t\t\t\t<div class=\"elementor-container elementor-column-gap-extended\">\n\t\t\t\t\t<div class=\"elementor-column elementor-col-100 elementor-top-column elementor-element elementor-element-eeba7e5 ot-flex-column-vertical\" data-id=\"eeba7e5\" data-element_type=\"column\" data-e-type=\"column\">\n\t\t\t<div class=\"elementor-widget-wrap elementor-element-populated\">\n\t\t\t\t\t\t<section class=\"elementor-section elementor-inner-section elementor-element elementor-element-4edaf8b elementor-section-full_width elementor-section-height-default elementor-section-height-default\" data-id=\"4edaf8b\" data-element_type=\"section\" data-e-type=\"section\">\n\t\t\t\t\t\t<div class=\"elementor-container elementor-column-gap-extended\">\n\t\t\t\t\t<div class=\"elementor-column elementor-col-33 elementor-inner-column elementor-element elementor-element-9b1c72c ot-flex-column-vertical\" data-id=\"9b1c72c\" data-element_type=\"column\" data-e-type=\"column\">\n\t\t\t<div class=\"elementor-widget-wrap elementor-element-populated\">\n\t\t\t\t\t\t<div class=\"elementor-element elementor-element-a89a1cf elementor-widget elementor-widget-iservice_box\" data-id=\"a89a1cf\" data-element_type=\"widget\" data-e-type=\"widget\" data-widget_type=\"iservice_box.default\">\n\t\t\t\t<div class=\"elementor-widget-container\">\n\t\t\t\t\t\r\n\t\t\t\t<div class=\"service-box-s2 s-box elementor-animation-\">\r\n\t\t\t\t\t\t<div class=\"number-box\">\r\n\t\t        01\t        <\/div>\r\n\t        \t        <div class=\"content-box\">\r\n\t            <h5 class=\"service-box-title\">Cel\u00fd proces zabere v pr\u016fm\u011bru 48 hodin.<\/h5>\r\n\t            <p><\/p>\r\n\t        <\/div>\r\n\t    <\/div>\r\n\t    \r\n\t    \t\t\t\t<\/div>\n\t\t\t\t<\/div>\n\t\t\t\t\t<\/div>\n\t\t<\/div>\n\t\t\t\t<div class=\"elementor-column elementor-col-33 elementor-inner-column elementor-element elementor-element-eab20bb ot-flex-column-vertical\" data-id=\"eab20bb\" data-element_type=\"column\" data-e-type=\"column\">\n\t\t\t<div class=\"elementor-widget-wrap elementor-element-populated\">\n\t\t\t\t\t\t<div class=\"elementor-element elementor-element-1457aea elementor-widget elementor-widget-iservice_box\" data-id=\"1457aea\" data-element_type=\"widget\" data-e-type=\"widget\" data-widget_type=\"iservice_box.default\">\n\t\t\t\t<div class=\"elementor-widget-container\">\n\t\t\t\t\t\r\n\t\t\t\t<div class=\"service-box-s2 s-box elementor-animation-\">\r\n\t\t\t\t\t\t<div class=\"number-box\">\r\n\t\t        02\t        <\/div>\r\n\t        \t        <div class=\"content-box\">\r\n\t            <h5 class=\"service-box-title\">P\u016fsob\u00edme po cel\u00e9 \u010cR!<\/h5>\r\n\t            <p><\/p>\r\n\t        <\/div>\r\n\t    <\/div>\r\n\t    \r\n\t    \t\t\t\t<\/div>\n\t\t\t\t<\/div>\n\t\t\t\t\t<\/div>\n\t\t<\/div>\n\t\t\t\t<div class=\"elementor-column elementor-col-33 elementor-inner-column elementor-element elementor-element-5a56d14 ot-flex-column-vertical\" data-id=\"5a56d14\" data-element_type=\"column\" data-e-type=\"column\">\n\t\t\t<div class=\"elementor-widget-wrap elementor-element-populated\">\n\t\t\t\t\t\t<div class=\"elementor-element elementor-element-a2126dd elementor-widget elementor-widget-iservice_box\" data-id=\"a2126dd\" data-element_type=\"widget\" data-e-type=\"widget\" data-widget_type=\"iservice_box.default\">\n\t\t\t\t<div class=\"elementor-widget-container\">\n\t\t\t\t\t\r\n\t\t\t\t<div class=\"service-box-s2 s-box elementor-animation-\">\r\n\t\t\t\t\t\t<div class=\"number-box\">\r\n\t\t        03\t        <\/div>\r\n\t        \t        <div class=\"content-box\">\r\n\t            <h5 class=\"service-box-title\">Pr\u016fm\u011brn\u00e1 souhrnn\u00e1 spl\u00e1tka \u010dinn\u00ed 2 500 K\u010d.<\/h5>\r\n\t            <p><\/p>\r\n\t        <\/div>\r\n\t    <\/div>\r\n\t    \r\n\t    \t\t\t\t<\/div>\n\t\t\t\t<\/div>\n\t\t\t\t\t<\/div>\n\t\t<\/div>\n\t\t\t\t\t<\/div>\n\t\t<\/section>\n\t\t\t\t<section class=\"elementor-section elementor-inner-section elementor-element elementor-element-be054cf elementor-section-content-middle elementor-section-full_width elementor-section-height-default elementor-section-height-default\" data-id=\"be054cf\" data-element_type=\"section\" data-e-type=\"section\">\n\t\t\t\t\t\t<div class=\"elementor-container elementor-column-gap-extended\">\n\t\t\t\t\t<div class=\"elementor-column elementor-col-50 elementor-inner-column elementor-element elementor-element-7bdcf7b ot-flex-column-vertical\" data-id=\"7bdcf7b\" data-element_type=\"column\" data-e-type=\"column\">\n\t\t\t<div class=\"elementor-widget-wrap elementor-element-populated\">\n\t\t\t\t\t\t<div class=\"elementor-element elementor-element-5bea05c elementor-widget elementor-widget-iheading\" data-id=\"5bea05c\" data-element_type=\"widget\" data-e-type=\"widget\" data-widget_type=\"iheading.default\">\n\t\t\t\t<div class=\"elementor-widget-container\">\n\t\t\t\t\t\t\t<div class=\"ot-heading left-align\">\r\n\t\t\t\r\n\t\t\t\t\r\n\r\n\t        \t            <h6 class=\"sub-heading\"><span>Pro\u010d my?<\/span><\/h6>\r\n\t         \r\n\r\n\t        \t        \t<h2 class=\"main-heading\">Jsme odborn\u00edci\n<\/h2>\r\n\t        \t    <\/div>\r\n\t    \t\t\t\t<\/div>\n\t\t\t\t<\/div>\n\t\t\t\t<div class=\"elementor-element elementor-element-f505a3a elementor-widget elementor-widget-text-editor\" data-id=\"f505a3a\" data-element_type=\"widget\" data-e-type=\"widget\" data-widget_type=\"text-editor.default\">\n\t\t\t\t\t\t\t\t\t<p>Obra\u0165te se na n\u00e1s a my v\u00e1m pom\u016f\u017eeme s va\u0161imi finan\u010dn\u00edmi probl\u00e9my.<\/p>\t\t\t\t\t\t\t\t<\/div>\n\t\t\t\t<div class=\"elementor-element elementor-element-7b3ec3a elementor-widget elementor-widget-iprogress\" data-id=\"7b3ec3a\" data-element_type=\"widget\" data-e-type=\"widget\" data-widget_type=\"iprogress.default\">\n\t\t\t\t<div class=\"elementor-widget-container\">\n\t\t\t\t\t\r\n\t\t\t\t<div class=\"ot-progress\">\r\n\t\t\t<div class=\"overflow\">\r\n\t        \t<span class=\"pname fleft\">\u00dasp\u011b\u0161nost oddlu\u017een\u00ed<\/span>\t        \t<span class=\"ppercent fright\">99%<\/span>\t        <\/div>\r\n\t        <div class=\"iprogress\">\r\n\t\t\t\t<div class=\"progress-bar\" data-percent=\"99%\"><\/div>\r\n\t\t\t<\/div>\r\n\t    <\/div>\r\n\t\t\t\t\t\t<\/div>\n\t\t\t\t<\/div>\n\t\t\t\t<div class=\"elementor-element elementor-element-02945f6 elementor-widget elementor-widget-iprogress\" data-id=\"02945f6\" data-element_type=\"widget\" data-e-type=\"widget\" data-widget_type=\"iprogress.default\">\n\t\t\t\t<div class=\"elementor-widget-container\">\n\t\t\t\t\t\r\n\t\t\t\t<div class=\"ot-progress\">\r\n\t\t\t<div class=\"overflow\">\r\n\t        \t<span class=\"pname fleft\">Spokojenost klient\u016f<\/span>\t        \t<span class=\"ppercent fright\">100%<\/span>\t        <\/div>\r\n\t        <div class=\"iprogress\">\r\n\t\t\t\t<div class=\"progress-bar\" data-percent=\"100%\"><\/div>\r\n\t\t\t<\/div>\r\n\t    <\/div>\r\n\t\t\t\t\t\t<\/div>\n\t\t\t\t<\/div>\n\t\t\t\t\t<\/div>\n\t\t<\/div>\n\t\t\t\t<div class=\"elementor-column elementor-col-50 elementor-inner-column elementor-element elementor-element-125f3db ot-flex-column-vertical\" data-id=\"125f3db\" data-element_type=\"column\" data-e-type=\"column\">\n\t\t\t<div class=\"elementor-widget-wrap elementor-element-populated\">\n\t\t\t\t\t\t<div class=\"elementor-element elementor-element-92bfa30 elementor-widget elementor-widget-image\" data-id=\"92bfa30\" data-element_type=\"widget\" data-e-type=\"widget\" data-widget_type=\"image.default\">\n\t\t\t\t\t\t\t\t\t\t\t\t\t\t\t<img decoding=\"async\" width=\"660\" height=\"617\" src=\"https:\/\/resetdluhu.cz\/wp-content\/uploads\/2019\/11\/about-image2-1.png\" class=\"attachment-full size-full wp-image-778\" alt=\"\" srcset=\"https:\/\/resetdluhu.cz\/wp-content\/uploads\/2019\/11\/about-image2-1.png 660w, https:\/\/resetdluhu.cz\/wp-content\/uploads\/2019\/11\/about-image2-1-300x280.png 300w\" sizes=\"(max-width: 660px) 100vw, 660px\" \/>\t\t\t\t\t\t\t\t\t\t\t\t\t\t\t<\/div>\n\t\t\t\t\t<\/div>\n\t\t<\/div>\n\t\t\t\t\t<\/div>\n\t\t<\/section>\n\t\t\t\t\t<\/div>\n\t\t<\/div>\n\t\t\t\t\t<\/div>\n\t\t<\/section>\n\t\t\t\t<section data-color=\"#fe4c1c,#00c3ff,#0160e7\" class=\"elementor-section elementor-top-section elementor-element elementor-element-d386179 particles-js elementor-section-boxed elementor-section-height-default elementor-section-height-default\" data-id=\"d386179\" data-element_type=\"section\" data-e-type=\"section\" data-settings=\"{&quot;background_background&quot;:&quot;classic&quot;}\">\n\t\t\t\t\t\t<div class=\"elementor-container elementor-column-gap-default\">\n\t\t\t\t\t<div class=\"elementor-column elementor-col-100 elementor-top-column elementor-element elementor-element-469fdf5 ot-flex-column-vertical\" data-id=\"469fdf5\" data-element_type=\"column\" data-e-type=\"column\">\n\t\t\t<div class=\"elementor-widget-wrap elementor-element-populated\">\n\t\t\t\t\t\t<div class=\"elementor-element elementor-element-bb78500 elementor-widget elementor-widget-iteams\" data-id=\"bb78500\" data-element_type=\"widget\" data-e-type=\"widget\" data-widget_type=\"iteams.default\">\n\t\t\t\t<div class=\"elementor-widget-container\">\n\t\t\t\t\t\r\n\t\t<div class=\"team-slider\"  data-show=\"3\" data-scroll=\"1\" data-arrow=\"false\" data-dots=\"true\">\r\n\t\t\t\r\n\t\t\t<div class=\"team-wrap\">\r\n\t\t\t\t\t\t\t\t<div class=\"team-thumb\">\r\n\t\t\t\t\t\t\t\t\t\t<img decoding=\"async\" src=\"https:\/\/onum-wp.s3.amazonaws.com\/images\/mem1-1.jpg\" alt=\"Gina Bruno\">\r\n\t\t\t\t\t\t\t\t\t<\/div>\r\n\t\t\t\t\t\t\t\t<div class=\"team-info\">\r\n\t\t\t\t\t<h4>Gina Bruno<\/h4>\r\n\t\t\t\t\t<span>5 let v exekuci<\/span>\r\n\t\t\t\t\t\t                <div class=\"team-social\">\r\n                        <a style=\"background: #15b7ec\" target=\"_blank\" \r\n                                href=\"https:\/\/twitter.com\/\">\r\n                             <i class=\"fab fa-twitter\"><\/i>\r\n                        <\/a>\r\n                                                <a style=\"background: #0160e7\" target=\"_blank\" \r\n                                href=\"https:\/\/facebook.com\/\">\r\n                             <i class=\"fab fa-facebook-f\"><\/i>\r\n                        <\/a>\r\n                                                                        <a style=\"background: #fe4c1c\" target=\"_blank\" \r\n                                href=\"https:\/\/pinterest.com\/\">\r\n                             <i class=\"fab fa-pinterest-p\"><\/i>\r\n                        <\/a>\r\n                        \t                \t<span class=\"flaticon-add-1\"><\/span>\r\n\t                <\/div>\r\n\t                \t\t\t\t<\/div>\r\n\t\t\t<\/div>\r\n\t        \r\n\t\t\t<div class=\"team-wrap\">\r\n\t\t\t\t\t\t\t\t<div class=\"team-thumb\">\r\n\t\t\t\t\t\t\t\t\t\t<img decoding=\"async\" src=\"https:\/\/onum-wp.s3.amazonaws.com\/images\/mem2-1.jpg\" alt=\"David Ferry\">\r\n\t\t\t\t\t\t\t\t\t<\/div>\r\n\t\t\t\t\t\t\t\t<div class=\"team-info\">\r\n\t\t\t\t\t<h4>David Ferry<\/h4>\r\n\t\t\t\t\t<span>Zadlu\u017eil sebe i celou svoji rodinu<\/span>\r\n\t\t\t\t\t\t                <div class=\"team-social\">\r\n                        <a style=\"background: #15b7ec\" target=\"_blank\" \r\n                                href=\"https:\/\/twitter.com\/\">\r\n                             <i class=\"fab fa-twitter\"><\/i>\r\n                        <\/a>\r\n                                                <a style=\"background: #0160e7\" target=\"_blank\" \r\n                                href=\"https:\/\/facebook.com\/\">\r\n                             <i class=\"fab fa-facebook-f\"><\/i>\r\n                        <\/a>\r\n                                                                        <a style=\"background: #fe4c1c\" target=\"_blank\" \r\n                                href=\"https:\/\/pinterest.com\/\">\r\n                             <i class=\"fab fa-pinterest-p\"><\/i>\r\n                        <\/a>\r\n                        \t                \t<span class=\"flaticon-add-1\"><\/span>\r\n\t                <\/div>\r\n\t                \t\t\t\t<\/div>\r\n\t\t\t<\/div>\r\n\t        \r\n\t\t\t<div class=\"team-wrap\">\r\n\t\t\t\t\t\t\t\t<div class=\"team-thumb\">\r\n\t\t\t\t\t\t\t\t\t\t<img decoding=\"async\" src=\"https:\/\/onum-wp.s3.amazonaws.com\/images\/mem3-1.jpg\" alt=\"Christina Tores\">\r\n\t\t\t\t\t\t\t\t\t<\/div>\r\n\t\t\t\t\t\t\t\t<div class=\"team-info\">\r\n\t\t\t\t\t<h4>Christina Tores<\/h4>\r\n\t\t\t\t\t<span>Dlu\u017eila st\u00e1tu miliony korun<\/span>\r\n\t\t\t\t\t\t                <div class=\"team-social\">\r\n                        <a style=\"background: #15b7ec\" target=\"_blank\" \r\n                                href=\"https:\/\/twitter.com\/\">\r\n                             <i class=\"fab fa-twitter\"><\/i>\r\n                        <\/a>\r\n                                                <a style=\"background: #0160e7\" target=\"_blank\" \r\n                                href=\"https:\/\/facebook.com\/\">\r\n                             <i class=\"fab fa-facebook-f\"><\/i>\r\n                        <\/a>\r\n                                                                        <a style=\"background: #fe4c1c\" target=\"_blank\" \r\n                                href=\"https:\/\/pinterest.com\/\">\r\n                             <i class=\"fab fa-pinterest-p\"><\/i>\r\n                        <\/a>\r\n                        \t                \t<span class=\"flaticon-add-1\"><\/span>\r\n\t                <\/div>\r\n\t                \t\t\t\t<\/div>\r\n\t\t\t<\/div>\r\n\t        \r\n\t\t\t<div class=\"team-wrap\">\r\n\t\t\t\t\t\t\t\t<div class=\"team-thumb\">\r\n\t\t\t\t\t\t\t\t\t\t<img decoding=\"async\" src=\"https:\/\/onum-wp.s3.amazonaws.com\/images\/mem6-1.jpg\" alt=\"Robert Cooper\">\r\n\t\t\t\t\t\t\t\t\t<\/div>\r\n\t\t\t\t\t\t\t\t<div class=\"team-info\">\r\n\t\t\t\t\t<h4>Robert Cooper<\/h4>\r\n\t\t\t\t\t<span>P\u0159i\u0161el o v\u0161e kv\u016fli rozchodu a zadlu\u017eil se<\/span>\r\n\t\t\t\t\t\t                <div class=\"team-social\">\r\n                        <a style=\"background: #15b7ec\" target=\"_blank\" \r\n                                href=\"https:\/\/twitter.com\/\">\r\n                             <i class=\"fab fa-twitter\"><\/i>\r\n                        <\/a>\r\n                                                <a style=\"background: #0160e7\" target=\"_blank\" \r\n                                href=\"https:\/\/facebook.com\/\">\r\n                             <i class=\"fab fa-facebook-f\"><\/i>\r\n                        <\/a>\r\n                                                                        <a style=\"background: #fe4c1c\" target=\"_blank\" \r\n                                href=\"https:\/\/pinterest.com\/\">\r\n                             <i class=\"fab fa-pinterest-p\"><\/i>\r\n                        <\/a>\r\n                        \t                \t<span class=\"flaticon-add-1\"><\/span>\r\n\t                <\/div>\r\n\t                \t\t\t\t<\/div>\r\n\t\t\t<\/div>\r\n\t        \r\n\t\t\t<div class=\"team-wrap\">\r\n\t\t\t\t\t\t\t\t<div class=\"team-thumb\">\r\n\t\t\t\t\t\t\t\t\t\t<img decoding=\"async\" src=\"https:\/\/onum-wp.s3.amazonaws.com\/images\/mem5-1.jpg\" alt=\"Olivia Chee\">\r\n\t\t\t\t\t\t\t\t\t<\/div>\r\n\t\t\t\t\t\t\t\t<div class=\"team-info\">\r\n\t\t\t\t\t<h4>Olivia Chee<\/h4>\r\n\t\t\t\t\t<span>D\u00edky exekuci o v\u0161e p\u0159i\u0161la<\/span>\r\n\t\t\t\t\t\t                <div class=\"team-social\">\r\n                        <a style=\"background: #15b7ec\" target=\"_blank\" \r\n                                href=\"https:\/\/twitter.com\/\">\r\n                             <i class=\"fab fa-twitter\"><\/i>\r\n                        <\/a>\r\n                                                <a style=\"background: #0160e7\" target=\"_blank\" \r\n                                href=\"https:\/\/facebook.com\/\">\r\n                             <i class=\"fab fa-facebook-f\"><\/i>\r\n                        <\/a>\r\n                                                                        <a style=\"background: #fe4c1c\" target=\"_blank\" \r\n                                href=\"https:\/\/pinterest.com\/\">\r\n                             <i class=\"fab fa-pinterest-p\"><\/i>\r\n                        <\/a>\r\n                        \t                \t<span class=\"flaticon-add-1\"><\/span>\r\n\t                <\/div>\r\n\t                \t\t\t\t<\/div>\r\n\t\t\t<\/div>\r\n\t        \t\t<\/div>\r\n\t        \r\n\t    \t\t\t\t<\/div>\n\t\t\t\t<\/div>\n\t\t\t\t<section class=\"elementor-section elementor-inner-section elementor-element elementor-element-74c3f7a elementor-section-full_width elementor-section-height-default elementor-section-height-default\" data-id=\"74c3f7a\" data-element_type=\"section\" data-e-type=\"section\">\n\t\t\t\t\t\t<div class=\"elementor-container elementor-column-gap-extended\">\n\t\t\t\t\t<div class=\"elementor-column elementor-col-50 elementor-inner-column elementor-element elementor-element-a43a2d2 ot-flex-column-vertical\" data-id=\"a43a2d2\" data-element_type=\"column\" data-e-type=\"column\">\n\t\t\t<div class=\"elementor-widget-wrap\">\n\t\t\t\t\t\t\t<\/div>\n\t\t<\/div>\n\t\t\t\t<div class=\"elementor-column elementor-col-50 elementor-inner-column elementor-element elementor-element-51c1ab0 ot-flex-column-vertical\" data-id=\"51c1ab0\" data-element_type=\"column\" data-e-type=\"column\">\n\t\t\t<div class=\"elementor-widget-wrap elementor-element-populated\">\n\t\t\t\t\t\t<div class=\"elementor-element elementor-element-484c823 elementor-align-right elementor-mobile-align-left elementor-widget elementor-widget-ibutton\" data-id=\"484c823\" data-element_type=\"widget\" data-e-type=\"widget\" data-widget_type=\"ibutton.default\">\n\t\t\t\t<div class=\"elementor-widget-container\">\n\t\t\t\t\t\t\t<div class=\"ot-button\">\r\n\t\t\t<a href=\"http:\/\/wpdemo.archiwp.com\/onum\/professional-team\/\" class=\"octf-btn octf-btn-primary octf-btn-icon\"><span>V\u0161ichni Klienti <i class=\"flaticon-right-arrow-1\"><\/i><\/span> \r\n\t\t\t\t\t\t\t<\/a>\r\n\t    <\/div>\r\n\t    \t\t\t\t<\/div>\n\t\t\t\t<\/div>\n\t\t\t\t\t<\/div>\n\t\t<\/div>\n\t\t\t\t\t<\/div>\n\t\t<\/section>\n\t\t\t\t\t<\/div>\n\t\t<\/div>\n\t\t\t\t\t<\/div>\n\t\t<\/section>\n\t\t\t\t<\/div>\n\t\t","protected":false},"excerpt":{"rendered":"<p>Kdo jsme Jsme Krotitel\u00e9 Dluh\u016f Pom\u016f\u017eeme v\u00e1m se zbavit va\u0161ich finan\u010dn\u00edch probl\u00e9m\u016f Pom\u00e1h\u00e1me lidem zbavit se dluh\u016f leg\u00e1ln\u00ed a bezpe\u010dnou cestou.Na\u0161i specialist\u00e9 analyzuj\u00ed va\u0161i finan\u010dn\u00ed situaci, navrhnou nejlep\u0161\u00ed \u0159e\u0161en\u00ed a provedou v\u00e1s cel\u00fdm procesem oddlu\u017een\u00ed od za\u010d\u00e1tku a\u017e do konce. \u00a0 01 Cel\u00fd proces zabere v pr\u016fm\u011bru 48 hodin. 02 P\u016fsob\u00edme po cel\u00e9 \u010cR! 03 [&hellip;]<\/p>\n","protected":false},"author":1,"featured_media":0,"parent":0,"menu_order":0,"comment_status":"closed","ping_status":"closed","template":"","meta":{"footnotes":""},"class_list":["post-753","page","type-page","status-publish","hentry"],"_links":{"self":[{"href":"https:\/\/resetdluhu.cz\/index.php\/wp-json\/wp\/v2\/pages\/753","targetHints":{"allow":["GET"]}}],"collection":[{"href":"https:\/\/resetdluhu.cz\/index.php\/wp-json\/wp\/v2\/pages"}],"about":[{"href":"https:\/\/resetdluhu.cz\/index.php\/wp-json\/wp\/v2\/types\/page"}],"author":[{"embeddable":true,"href":"https:\/\/resetdluhu.cz\/index.php\/wp-json\/wp\/v2\/users\/1"}],"replies":[{"embeddable":true,"href":"https:\/\/resetdluhu.cz\/index.php\/wp-json\/wp\/v2\/comments?post=753"}],"version-history":[{"count":16,"href":"https:\/\/resetdluhu.cz\/index.php\/wp-json\/wp\/v2\/pages\/753\/revisions"}],"predecessor-version":[{"id":5197,"href":"https:\/\/resetdluhu.cz\/index.php\/wp-json\/wp\/v2\/pages\/753\/revisions\/5197"}],"wp:attachment":[{"href":"https:\/\/resetdluhu.cz\/index.php\/wp-json\/wp\/v2\/media?parent=753"}],"curies":[{"name":"wp","href":"https:\/\/api.w.org\/{rel}","templated":true}]}}